{"id":1526,"date":"2025-12-16T20:07:49","date_gmt":"2025-12-16T20:07:49","guid":{"rendered":"https:\/\/sonariastore.shop\/?post_type=product&#038;p=1526"},"modified":"2025-12-16T20:07:56","modified_gmt":"2025-12-16T20:07:56","slug":"que-hacer-durante-los-colicos","status":"publish","type":"product","link":"https:\/\/sonariastore.shop\/en\/podcast\/que-hacer-durante-los-colicos\/","title":{"rendered":"Qu\u00e9 hacer durante los c\u00f3licos"},"content":{"rendered":"","protected":false},"excerpt":{"rendered":"<p>T\u00e9cnicas pr\u00e1cticas para aliviar c\u00f3licos: masajes, posiciones, movimientos y estrategias recomendadas por especialistas de varios pa\u00edses.<\/p>\n","protected":false},"featured_media":1536,"comment_status":"open","ping_status":"closed","template":"","meta":[],"product_brand":[],"product_cat":[52],"product_tag":[],"class_list":{"0":"post-1526","1":"product","2":"type-product","3":"status-publish","4":"has-post-thumbnail","6":"product_cat-bebe","8":"first","9":"instock","10":"downloadable","11":"virtual","12":"sold-individually","13":"purchasable","14":"product-type-simple"},"_links":{"self":[{"href":"https:\/\/sonariastore.shop\/en\/wp-json\/wp\/v2\/product\/1526","targetHints":{"allow":["GET"]}}],"collection":[{"href":"https:\/\/sonariastore.shop\/en\/wp-json\/wp\/v2\/product"}],"about":[{"href":"https:\/\/sonariastore.shop\/en\/wp-json\/wp\/v2\/types\/product"}],"replies":[{"embeddable":true,"href":"https:\/\/sonariastore.shop\/en\/wp-json\/wp\/v2\/comments?post=1526"}],"version-history":[{"count":1,"href":"https:\/\/sonariastore.shop\/en\/wp-json\/wp\/v2\/product\/1526\/revisions"}],"predecessor-version":[{"id":1549,"href":"https:\/\/sonariastore.shop\/en\/wp-json\/wp\/v2\/product\/1526\/revisions\/1549"}],"wp:featuredmedia":[{"embeddable":true,"href":"https:\/\/sonariastore.shop\/en\/wp-json\/wp\/v2\/media\/1536"}],"wp:attachment":[{"href":"https:\/\/sonariastore.shop\/en\/wp-json\/wp\/v2\/media?parent=1526"}],"wp:term":[{"taxonomy":"product_brand","embeddable":true,"href":"https:\/\/sonariastore.shop\/en\/wp-json\/wp\/v2\/product_brand?post=1526"},{"taxonomy":"product_cat","embeddable":true,"href":"https:\/\/sonariastore.shop\/en\/wp-json\/wp\/v2\/product_cat?post=1526"},{"taxonomy":"product_tag","embeddable":true,"href":"https:\/\/sonariastore.shop\/en\/wp-json\/wp\/v2\/product_tag?post=1526"}],"curies":[{"name":"wp","href":"https:\/\/api.w.org\/{rel}","templated":true}]}}