{"id":1524,"date":"2025-12-16T20:07:49","date_gmt":"2025-12-16T20:07:49","guid":{"rendered":"https:\/\/sonariastore.shop\/?post_type=product&#038;p=1524"},"modified":"2025-12-16T20:07:56","modified_gmt":"2025-12-16T20:07:56","slug":"mitos-y-verdades-sobre-el-sueno-infantil","status":"publish","type":"product","link":"https:\/\/sonariastore.shop\/en\/podcast\/mitos-y-verdades-sobre-el-sueno-infantil\/","title":{"rendered":"Mitos y verdades sobre el sue\u00f1o infantil"},"content":{"rendered":"","protected":false},"excerpt":{"rendered":"<p>Un an\u00e1lisis profundo sobre afirmaciones comunes acerca del sue\u00f1o infantil, aclarando qu\u00e9 es ciencia y qu\u00e9 es mito, basado en recomendaciones pedi\u00e1tricas de varios pa\u00edses.<\/p>\n","protected":false},"featured_media":1536,"comment_status":"open","ping_status":"closed","template":"","meta":[],"product_brand":[],"product_cat":[52],"product_tag":[],"class_list":{"0":"post-1524","1":"product","2":"type-product","3":"status-publish","4":"has-post-thumbnail","6":"product_cat-bebe","8":"first","9":"instock","10":"downloadable","11":"virtual","12":"sold-individually","13":"purchasable","14":"product-type-simple"},"_links":{"self":[{"href":"https:\/\/sonariastore.shop\/en\/wp-json\/wp\/v2\/product\/1524","targetHints":{"allow":["GET"]}}],"collection":[{"href":"https:\/\/sonariastore.shop\/en\/wp-json\/wp\/v2\/product"}],"about":[{"href":"https:\/\/sonariastore.shop\/en\/wp-json\/wp\/v2\/types\/product"}],"replies":[{"embeddable":true,"href":"https:\/\/sonariastore.shop\/en\/wp-json\/wp\/v2\/comments?post=1524"}],"version-history":[{"count":1,"href":"https:\/\/sonariastore.shop\/en\/wp-json\/wp\/v2\/product\/1524\/revisions"}],"predecessor-version":[{"id":1547,"href":"https:\/\/sonariastore.shop\/en\/wp-json\/wp\/v2\/product\/1524\/revisions\/1547"}],"wp:featuredmedia":[{"embeddable":true,"href":"https:\/\/sonariastore.shop\/en\/wp-json\/wp\/v2\/media\/1536"}],"wp:attachment":[{"href":"https:\/\/sonariastore.shop\/en\/wp-json\/wp\/v2\/media?parent=1524"}],"wp:term":[{"taxonomy":"product_brand","embeddable":true,"href":"https:\/\/sonariastore.shop\/en\/wp-json\/wp\/v2\/product_brand?post=1524"},{"taxonomy":"product_cat","embeddable":true,"href":"https:\/\/sonariastore.shop\/en\/wp-json\/wp\/v2\/product_cat?post=1524"},{"taxonomy":"product_tag","embeddable":true,"href":"https:\/\/sonariastore.shop\/en\/wp-json\/wp\/v2\/product_tag?post=1524"}],"curies":[{"name":"wp","href":"https:\/\/api.w.org\/{rel}","templated":true}]}}