{"id":1523,"date":"2025-12-16T20:07:49","date_gmt":"2025-12-16T20:07:49","guid":{"rendered":"https:\/\/sonariastore.shop\/?post_type=product&#038;p=1523"},"modified":"2025-12-16T20:07:55","modified_gmt":"2025-12-16T20:07:55","slug":"primer-bano-guia-tranquila-y-segura","status":"publish","type":"product","link":"https:\/\/sonariastore.shop\/en\/podcast\/primer-bano-guia-tranquila-y-segura\/","title":{"rendered":"Primer ba\u00f1o: gu\u00eda tranquila y segura"},"content":{"rendered":"","protected":false},"excerpt":{"rendered":"<p>Una gu\u00eda paso a paso para realizar el primer ba\u00f1o del beb\u00e9 de forma segura, tranquila y sin estr\u00e9s. Temperatura ideal, duraci\u00f3n recomendada y consejos pr\u00e1cticos.<\/p>\n","protected":false},"featured_media":1536,"comment_status":"open","ping_status":"closed","template":"","meta":[],"product_brand":[],"product_cat":[52],"product_tag":[],"class_list":{"0":"post-1523","1":"product","2":"type-product","3":"status-publish","4":"has-post-thumbnail","6":"product_cat-bebe","8":"first","9":"instock","10":"downloadable","11":"virtual","12":"sold-individually","13":"purchasable","14":"product-type-simple"},"_links":{"self":[{"href":"https:\/\/sonariastore.shop\/en\/wp-json\/wp\/v2\/product\/1523","targetHints":{"allow":["GET"]}}],"collection":[{"href":"https:\/\/sonariastore.shop\/en\/wp-json\/wp\/v2\/product"}],"about":[{"href":"https:\/\/sonariastore.shop\/en\/wp-json\/wp\/v2\/types\/product"}],"replies":[{"embeddable":true,"href":"https:\/\/sonariastore.shop\/en\/wp-json\/wp\/v2\/comments?post=1523"}],"version-history":[{"count":1,"href":"https:\/\/sonariastore.shop\/en\/wp-json\/wp\/v2\/product\/1523\/revisions"}],"predecessor-version":[{"id":1546,"href":"https:\/\/sonariastore.shop\/en\/wp-json\/wp\/v2\/product\/1523\/revisions\/1546"}],"wp:featuredmedia":[{"embeddable":true,"href":"https:\/\/sonariastore.shop\/en\/wp-json\/wp\/v2\/media\/1536"}],"wp:attachment":[{"href":"https:\/\/sonariastore.shop\/en\/wp-json\/wp\/v2\/media?parent=1523"}],"wp:term":[{"taxonomy":"product_brand","embeddable":true,"href":"https:\/\/sonariastore.shop\/en\/wp-json\/wp\/v2\/product_brand?post=1523"},{"taxonomy":"product_cat","embeddable":true,"href":"https:\/\/sonariastore.shop\/en\/wp-json\/wp\/v2\/product_cat?post=1523"},{"taxonomy":"product_tag","embeddable":true,"href":"https:\/\/sonariastore.shop\/en\/wp-json\/wp\/v2\/product_tag?post=1523"}],"curies":[{"name":"wp","href":"https:\/\/api.w.org\/{rel}","templated":true}]}}