{"id":1521,"date":"2025-12-16T20:07:48","date_gmt":"2025-12-16T20:07:48","guid":{"rendered":"https:\/\/sonariastore.shop\/?post_type=product&#038;p=1521"},"modified":"2025-12-16T20:07:55","modified_gmt":"2025-12-16T20:07:55","slug":"como-establecer-rutinas-saludables","status":"publish","type":"product","link":"https:\/\/sonariastore.shop\/en\/podcast\/como-establecer-rutinas-saludables\/","title":{"rendered":"C\u00f3mo establecer rutinas saludables"},"content":{"rendered":"","protected":false},"excerpt":{"rendered":"<p>Estrategias para construir rutinas estables en un entorno cambiante. Incluye ejemplos empleados en pa\u00edses n\u00f3rdicos, m\u00e9todos flexibles y formas de integrar el d\u00eda a d\u00eda con el ritmo natural del beb\u00e9.<\/p>\n","protected":false},"featured_media":1536,"comment_status":"open","ping_status":"closed","template":"","meta":[],"product_brand":[],"product_cat":[52],"product_tag":[],"class_list":{"0":"post-1521","1":"product","2":"type-product","3":"status-publish","4":"has-post-thumbnail","6":"product_cat-bebe","8":"first","9":"instock","10":"downloadable","11":"virtual","12":"sold-individually","13":"purchasable","14":"product-type-simple"},"_links":{"self":[{"href":"https:\/\/sonariastore.shop\/en\/wp-json\/wp\/v2\/product\/1521","targetHints":{"allow":["GET"]}}],"collection":[{"href":"https:\/\/sonariastore.shop\/en\/wp-json\/wp\/v2\/product"}],"about":[{"href":"https:\/\/sonariastore.shop\/en\/wp-json\/wp\/v2\/types\/product"}],"replies":[{"embeddable":true,"href":"https:\/\/sonariastore.shop\/en\/wp-json\/wp\/v2\/comments?post=1521"}],"version-history":[{"count":1,"href":"https:\/\/sonariastore.shop\/en\/wp-json\/wp\/v2\/product\/1521\/revisions"}],"predecessor-version":[{"id":1544,"href":"https:\/\/sonariastore.shop\/en\/wp-json\/wp\/v2\/product\/1521\/revisions\/1544"}],"wp:featuredmedia":[{"embeddable":true,"href":"https:\/\/sonariastore.shop\/en\/wp-json\/wp\/v2\/media\/1536"}],"wp:attachment":[{"href":"https:\/\/sonariastore.shop\/en\/wp-json\/wp\/v2\/media?parent=1521"}],"wp:term":[{"taxonomy":"product_brand","embeddable":true,"href":"https:\/\/sonariastore.shop\/en\/wp-json\/wp\/v2\/product_brand?post=1521"},{"taxonomy":"product_cat","embeddable":true,"href":"https:\/\/sonariastore.shop\/en\/wp-json\/wp\/v2\/product_cat?post=1521"},{"taxonomy":"product_tag","embeddable":true,"href":"https:\/\/sonariastore.shop\/en\/wp-json\/wp\/v2\/product_tag?post=1521"}],"curies":[{"name":"wp","href":"https:\/\/api.w.org\/{rel}","templated":true}]}}