{"id":1520,"date":"2025-12-16T20:07:48","date_gmt":"2025-12-16T20:07:48","guid":{"rendered":"https:\/\/sonariastore.shop\/?post_type=product&#038;p=1520"},"modified":"2025-12-16T20:07:54","modified_gmt":"2025-12-16T20:07:54","slug":"lactancia-sin-estres","status":"publish","type":"product","link":"https:\/\/sonariastore.shop\/en\/podcast\/lactancia-sin-estres\/","title":{"rendered":"Lactancia sin estr\u00e9s"},"content":{"rendered":"","protected":false},"excerpt":{"rendered":"<p>T\u00e9cnicas reales para reducir el estr\u00e9s en la lactancia: posiciones recomendadas, se\u00f1ales de agarre correcto, mitos populares y alternativas cuando la lactancia no es completamente posible.<\/p>\n","protected":false},"featured_media":1536,"comment_status":"open","ping_status":"closed","template":"","meta":[],"product_brand":[],"product_cat":[52],"product_tag":[],"class_list":{"0":"post-1520","1":"product","2":"type-product","3":"status-publish","4":"has-post-thumbnail","6":"product_cat-bebe","8":"first","9":"instock","10":"downloadable","11":"virtual","12":"sold-individually","13":"purchasable","14":"product-type-simple"},"_links":{"self":[{"href":"https:\/\/sonariastore.shop\/en\/wp-json\/wp\/v2\/product\/1520","targetHints":{"allow":["GET"]}}],"collection":[{"href":"https:\/\/sonariastore.shop\/en\/wp-json\/wp\/v2\/product"}],"about":[{"href":"https:\/\/sonariastore.shop\/en\/wp-json\/wp\/v2\/types\/product"}],"replies":[{"embeddable":true,"href":"https:\/\/sonariastore.shop\/en\/wp-json\/wp\/v2\/comments?post=1520"}],"version-history":[{"count":1,"href":"https:\/\/sonariastore.shop\/en\/wp-json\/wp\/v2\/product\/1520\/revisions"}],"predecessor-version":[{"id":1543,"href":"https:\/\/sonariastore.shop\/en\/wp-json\/wp\/v2\/product\/1520\/revisions\/1543"}],"wp:featuredmedia":[{"embeddable":true,"href":"https:\/\/sonariastore.shop\/en\/wp-json\/wp\/v2\/media\/1536"}],"wp:attachment":[{"href":"https:\/\/sonariastore.shop\/en\/wp-json\/wp\/v2\/media?parent=1520"}],"wp:term":[{"taxonomy":"product_brand","embeddable":true,"href":"https:\/\/sonariastore.shop\/en\/wp-json\/wp\/v2\/product_brand?post=1520"},{"taxonomy":"product_cat","embeddable":true,"href":"https:\/\/sonariastore.shop\/en\/wp-json\/wp\/v2\/product_cat?post=1520"},{"taxonomy":"product_tag","embeddable":true,"href":"https:\/\/sonariastore.shop\/en\/wp-json\/wp\/v2\/product_tag?post=1520"}],"curies":[{"name":"wp","href":"https:\/\/api.w.org\/{rel}","templated":true}]}}