{"id":1517,"date":"2025-12-16T20:07:48","date_gmt":"2025-12-16T20:07:48","guid":{"rendered":"https:\/\/sonariastore.shop\/?post_type=product&#038;p=1517"},"modified":"2025-12-16T20:07:53","modified_gmt":"2025-12-16T20:07:53","slug":"primeros-dias-en-casa-que-esperar","status":"publish","type":"product","link":"https:\/\/sonariastore.shop\/en\/podcast\/primeros-dias-en-casa-que-esperar\/","title":{"rendered":"Primeros d\u00edas en casa: qu\u00e9 esperar"},"content":{"rendered":"","protected":false},"excerpt":{"rendered":"<p>Un recorrido por los primeros d\u00edas en casa: cambios en el sue\u00f1o, patrones de alimentaci\u00f3n, comportamiento normal de un reci\u00e9n nacido y c\u00f3mo los padres pueden adaptarse sin culpa ni presi\u00f3n.<\/p>\n","protected":false},"featured_media":1536,"comment_status":"open","ping_status":"closed","template":"","meta":[],"product_brand":[],"product_cat":[52],"product_tag":[],"class_list":{"0":"post-1517","1":"product","2":"type-product","3":"status-publish","4":"has-post-thumbnail","6":"product_cat-bebe","8":"first","9":"instock","10":"downloadable","11":"virtual","12":"sold-individually","13":"purchasable","14":"product-type-simple"},"_links":{"self":[{"href":"https:\/\/sonariastore.shop\/en\/wp-json\/wp\/v2\/product\/1517","targetHints":{"allow":["GET"]}}],"collection":[{"href":"https:\/\/sonariastore.shop\/en\/wp-json\/wp\/v2\/product"}],"about":[{"href":"https:\/\/sonariastore.shop\/en\/wp-json\/wp\/v2\/types\/product"}],"replies":[{"embeddable":true,"href":"https:\/\/sonariastore.shop\/en\/wp-json\/wp\/v2\/comments?post=1517"}],"version-history":[{"count":1,"href":"https:\/\/sonariastore.shop\/en\/wp-json\/wp\/v2\/product\/1517\/revisions"}],"predecessor-version":[{"id":1540,"href":"https:\/\/sonariastore.shop\/en\/wp-json\/wp\/v2\/product\/1517\/revisions\/1540"}],"wp:featuredmedia":[{"embeddable":true,"href":"https:\/\/sonariastore.shop\/en\/wp-json\/wp\/v2\/media\/1536"}],"wp:attachment":[{"href":"https:\/\/sonariastore.shop\/en\/wp-json\/wp\/v2\/media?parent=1517"}],"wp:term":[{"taxonomy":"product_brand","embeddable":true,"href":"https:\/\/sonariastore.shop\/en\/wp-json\/wp\/v2\/product_brand?post=1517"},{"taxonomy":"product_cat","embeddable":true,"href":"https:\/\/sonariastore.shop\/en\/wp-json\/wp\/v2\/product_cat?post=1517"},{"taxonomy":"product_tag","embeddable":true,"href":"https:\/\/sonariastore.shop\/en\/wp-json\/wp\/v2\/product_tag?post=1517"}],"curies":[{"name":"wp","href":"https:\/\/api.w.org\/{rel}","templated":true}]}}