{"id":1514,"date":"2025-12-16T20:07:48","date_gmt":"2025-12-16T20:07:48","guid":{"rendered":"https:\/\/sonariastore.shop\/?post_type=product&#038;p=1514"},"modified":"2025-12-16T20:07:52","modified_gmt":"2025-12-16T20:07:52","slug":"como-calmar-a-un-recien-nacido","status":"publish","type":"product","link":"https:\/\/sonariastore.shop\/en\/podcast\/como-calmar-a-un-recien-nacido\/","title":{"rendered":"C\u00f3mo calmar a un reci\u00e9n nacido"},"content":{"rendered":"","protected":false},"excerpt":{"rendered":"<p>Un episodio dedicado a las t\u00e9cnicas m\u00e1s efectivas para calmar a un reci\u00e9n nacido, incluyendo movimientos suaves, sonidos que imitan el \u00fatero, envolturas seguras y claves para entender el estado emocional del beb\u00e9.<\/p>\n","protected":false},"featured_media":1536,"comment_status":"open","ping_status":"closed","template":"","meta":[],"product_brand":[],"product_cat":[52],"product_tag":[],"class_list":{"0":"post-1514","1":"product","2":"type-product","3":"status-publish","4":"has-post-thumbnail","6":"product_cat-bebe","8":"first","9":"instock","10":"downloadable","11":"virtual","12":"sold-individually","13":"purchasable","14":"product-type-simple"},"_links":{"self":[{"href":"https:\/\/sonariastore.shop\/en\/wp-json\/wp\/v2\/product\/1514","targetHints":{"allow":["GET"]}}],"collection":[{"href":"https:\/\/sonariastore.shop\/en\/wp-json\/wp\/v2\/product"}],"about":[{"href":"https:\/\/sonariastore.shop\/en\/wp-json\/wp\/v2\/types\/product"}],"replies":[{"embeddable":true,"href":"https:\/\/sonariastore.shop\/en\/wp-json\/wp\/v2\/comments?post=1514"}],"version-history":[{"count":1,"href":"https:\/\/sonariastore.shop\/en\/wp-json\/wp\/v2\/product\/1514\/revisions"}],"predecessor-version":[{"id":1537,"href":"https:\/\/sonariastore.shop\/en\/wp-json\/wp\/v2\/product\/1514\/revisions\/1537"}],"wp:featuredmedia":[{"embeddable":true,"href":"https:\/\/sonariastore.shop\/en\/wp-json\/wp\/v2\/media\/1536"}],"wp:attachment":[{"href":"https:\/\/sonariastore.shop\/en\/wp-json\/wp\/v2\/media?parent=1514"}],"wp:term":[{"taxonomy":"product_brand","embeddable":true,"href":"https:\/\/sonariastore.shop\/en\/wp-json\/wp\/v2\/product_brand?post=1514"},{"taxonomy":"product_cat","embeddable":true,"href":"https:\/\/sonariastore.shop\/en\/wp-json\/wp\/v2\/product_cat?post=1514"},{"taxonomy":"product_tag","embeddable":true,"href":"https:\/\/sonariastore.shop\/en\/wp-json\/wp\/v2\/product_tag?post=1514"}],"curies":[{"name":"wp","href":"https:\/\/api.w.org\/{rel}","templated":true}]}}