{"id":1476,"date":"2025-12-16T20:07:35","date_gmt":"2025-12-16T20:07:35","guid":{"rendered":"https:\/\/sonariastore.shop\/?post_type=product&#038;p=1476"},"modified":"2025-12-16T20:07:46","modified_gmt":"2025-12-16T20:07:46","slug":"los-negocios-familiares-y-sus-desafios-ocultos","status":"publish","type":"product","link":"https:\/\/sonariastore.shop\/en\/podcast\/los-negocios-familiares-y-sus-desafios-ocultos\/","title":{"rendered":"Los negocios familiares y sus desaf\u00edos ocultos"},"content":{"rendered":"","protected":false},"excerpt":{"rendered":"<p>Los negocios familiares representan una gran parte de la econom\u00eda global, pero enfrentan desaf\u00edos como la sucesi\u00f3n, los conflictos internos y la profesionalizaci\u00f3n. Analizamos casos y soluciones.<\/p>\n","protected":false},"featured_media":1493,"comment_status":"open","ping_status":"closed","template":"","meta":[],"product_brand":[],"product_cat":[56],"product_tag":[],"class_list":{"0":"post-1476","1":"product","2":"type-product","3":"status-publish","4":"has-post-thumbnail","6":"product_cat-negocios","8":"first","9":"instock","10":"downloadable","11":"virtual","12":"sold-individually","13":"purchasable","14":"product-type-simple"},"_links":{"self":[{"href":"https:\/\/sonariastore.shop\/en\/wp-json\/wp\/v2\/product\/1476","targetHints":{"allow":["GET"]}}],"collection":[{"href":"https:\/\/sonariastore.shop\/en\/wp-json\/wp\/v2\/product"}],"about":[{"href":"https:\/\/sonariastore.shop\/en\/wp-json\/wp\/v2\/types\/product"}],"replies":[{"embeddable":true,"href":"https:\/\/sonariastore.shop\/en\/wp-json\/wp\/v2\/comments?post=1476"}],"version-history":[{"count":1,"href":"https:\/\/sonariastore.shop\/en\/wp-json\/wp\/v2\/product\/1476\/revisions"}],"predecessor-version":[{"id":1507,"href":"https:\/\/sonariastore.shop\/en\/wp-json\/wp\/v2\/product\/1476\/revisions\/1507"}],"wp:featuredmedia":[{"embeddable":true,"href":"https:\/\/sonariastore.shop\/en\/wp-json\/wp\/v2\/media\/1493"}],"wp:attachment":[{"href":"https:\/\/sonariastore.shop\/en\/wp-json\/wp\/v2\/media?parent=1476"}],"wp:term":[{"taxonomy":"product_brand","embeddable":true,"href":"https:\/\/sonariastore.shop\/en\/wp-json\/wp\/v2\/product_brand?post=1476"},{"taxonomy":"product_cat","embeddable":true,"href":"https:\/\/sonariastore.shop\/en\/wp-json\/wp\/v2\/product_cat?post=1476"},{"taxonomy":"product_tag","embeddable":true,"href":"https:\/\/sonariastore.shop\/en\/wp-json\/wp\/v2\/product_tag?post=1476"}],"curies":[{"name":"wp","href":"https:\/\/api.w.org\/{rel}","templated":true}]}}