{"id":1475,"date":"2025-12-16T20:07:35","date_gmt":"2025-12-16T20:07:35","guid":{"rendered":"https:\/\/sonariastore.shop\/?post_type=product&#038;p=1475"},"modified":"2025-12-16T20:07:45","modified_gmt":"2025-12-16T20:07:45","slug":"innovacion-del-concepto-a-la-realidad","status":"publish","type":"product","link":"https:\/\/sonariastore.shop\/en\/podcast\/innovacion-del-concepto-a-la-realidad\/","title":{"rendered":"Innovaci\u00f3n: del concepto a la realidad"},"content":{"rendered":"","protected":false},"excerpt":{"rendered":"<p>Un recorrido por el proceso completo de la innovaci\u00f3n: desde la conceptualizaci\u00f3n hasta el desarrollo y la aplicaci\u00f3n en la vida real. C\u00f3mo innovar de manera constante, sostenible y rentable.<\/p>\n","protected":false},"featured_media":1493,"comment_status":"open","ping_status":"closed","template":"","meta":[],"product_brand":[],"product_cat":[56],"product_tag":[],"class_list":{"0":"post-1475","1":"product","2":"type-product","3":"status-publish","4":"has-post-thumbnail","6":"product_cat-negocios","8":"first","9":"instock","10":"downloadable","11":"virtual","12":"sold-individually","13":"purchasable","14":"product-type-simple"},"_links":{"self":[{"href":"https:\/\/sonariastore.shop\/en\/wp-json\/wp\/v2\/product\/1475","targetHints":{"allow":["GET"]}}],"collection":[{"href":"https:\/\/sonariastore.shop\/en\/wp-json\/wp\/v2\/product"}],"about":[{"href":"https:\/\/sonariastore.shop\/en\/wp-json\/wp\/v2\/types\/product"}],"replies":[{"embeddable":true,"href":"https:\/\/sonariastore.shop\/en\/wp-json\/wp\/v2\/comments?post=1475"}],"version-history":[{"count":1,"href":"https:\/\/sonariastore.shop\/en\/wp-json\/wp\/v2\/product\/1475\/revisions"}],"predecessor-version":[{"id":1506,"href":"https:\/\/sonariastore.shop\/en\/wp-json\/wp\/v2\/product\/1475\/revisions\/1506"}],"wp:featuredmedia":[{"embeddable":true,"href":"https:\/\/sonariastore.shop\/en\/wp-json\/wp\/v2\/media\/1493"}],"wp:attachment":[{"href":"https:\/\/sonariastore.shop\/en\/wp-json\/wp\/v2\/media?parent=1475"}],"wp:term":[{"taxonomy":"product_brand","embeddable":true,"href":"https:\/\/sonariastore.shop\/en\/wp-json\/wp\/v2\/product_brand?post=1475"},{"taxonomy":"product_cat","embeddable":true,"href":"https:\/\/sonariastore.shop\/en\/wp-json\/wp\/v2\/product_cat?post=1475"},{"taxonomy":"product_tag","embeddable":true,"href":"https:\/\/sonariastore.shop\/en\/wp-json\/wp\/v2\/product_tag?post=1475"}],"curies":[{"name":"wp","href":"https:\/\/api.w.org\/{rel}","templated":true}]}}