{"id":1473,"date":"2025-12-16T20:07:35","date_gmt":"2025-12-16T20:07:35","guid":{"rendered":"https:\/\/sonariastore.shop\/?post_type=product&#038;p=1473"},"modified":"2025-12-16T20:07:45","modified_gmt":"2025-12-16T20:07:45","slug":"como-construir-una-marca-poderosa","status":"publish","type":"product","link":"https:\/\/sonariastore.shop\/en\/podcast\/como-construir-una-marca-poderosa\/","title":{"rendered":"C\u00f3mo construir una marca poderosa"},"content":{"rendered":"","protected":false},"excerpt":{"rendered":"<p>C\u00f3mo construir una marca que deje huella: narrativa, identidad visual, prop\u00f3sito, posicionamiento y la psicolog\u00eda detr\u00e1s de una marca memorable. Ejemplos de empresas de diferentes industrias y pa\u00edses.<\/p>\n","protected":false},"featured_media":1493,"comment_status":"open","ping_status":"closed","template":"","meta":[],"product_brand":[],"product_cat":[56],"product_tag":[],"class_list":{"0":"post-1473","1":"product","2":"type-product","3":"status-publish","4":"has-post-thumbnail","6":"product_cat-negocios","8":"first","9":"instock","10":"downloadable","11":"virtual","12":"sold-individually","13":"purchasable","14":"product-type-simple"},"_links":{"self":[{"href":"https:\/\/sonariastore.shop\/en\/wp-json\/wp\/v2\/product\/1473","targetHints":{"allow":["GET"]}}],"collection":[{"href":"https:\/\/sonariastore.shop\/en\/wp-json\/wp\/v2\/product"}],"about":[{"href":"https:\/\/sonariastore.shop\/en\/wp-json\/wp\/v2\/types\/product"}],"replies":[{"embeddable":true,"href":"https:\/\/sonariastore.shop\/en\/wp-json\/wp\/v2\/comments?post=1473"}],"version-history":[{"count":1,"href":"https:\/\/sonariastore.shop\/en\/wp-json\/wp\/v2\/product\/1473\/revisions"}],"predecessor-version":[{"id":1504,"href":"https:\/\/sonariastore.shop\/en\/wp-json\/wp\/v2\/product\/1473\/revisions\/1504"}],"wp:featuredmedia":[{"embeddable":true,"href":"https:\/\/sonariastore.shop\/en\/wp-json\/wp\/v2\/media\/1493"}],"wp:attachment":[{"href":"https:\/\/sonariastore.shop\/en\/wp-json\/wp\/v2\/media?parent=1473"}],"wp:term":[{"taxonomy":"product_brand","embeddable":true,"href":"https:\/\/sonariastore.shop\/en\/wp-json\/wp\/v2\/product_brand?post=1473"},{"taxonomy":"product_cat","embeddable":true,"href":"https:\/\/sonariastore.shop\/en\/wp-json\/wp\/v2\/product_cat?post=1473"},{"taxonomy":"product_tag","embeddable":true,"href":"https:\/\/sonariastore.shop\/en\/wp-json\/wp\/v2\/product_tag?post=1473"}],"curies":[{"name":"wp","href":"https:\/\/api.w.org\/{rel}","templated":true}]}}