{"id":1472,"date":"2025-12-16T20:07:35","date_gmt":"2025-12-16T20:07:35","guid":{"rendered":"https:\/\/sonariastore.shop\/?post_type=product&#038;p=1472"},"modified":"2025-12-16T20:07:44","modified_gmt":"2025-12-16T20:07:44","slug":"economia-global-explicada-facil","status":"publish","type":"product","link":"https:\/\/sonariastore.shop\/en\/podcast\/economia-global-explicada-facil\/","title":{"rendered":"Econom\u00eda global explicada f\u00e1cil"},"content":{"rendered":"","protected":false},"excerpt":{"rendered":"<p>Una explicaci\u00f3n clara, sencilla y global de c\u00f3mo funciona la econom\u00eda: inflaci\u00f3n, tasas de inter\u00e9s, crisis financieras, comercio internacional y el papel que juegan los gobiernos.<\/p>\n","protected":false},"featured_media":1493,"comment_status":"open","ping_status":"closed","template":"","meta":[],"product_brand":[],"product_cat":[56],"product_tag":[],"class_list":{"0":"post-1472","1":"product","2":"type-product","3":"status-publish","4":"has-post-thumbnail","6":"product_cat-negocios","8":"first","9":"instock","10":"downloadable","11":"virtual","12":"sold-individually","13":"purchasable","14":"product-type-simple"},"_links":{"self":[{"href":"https:\/\/sonariastore.shop\/en\/wp-json\/wp\/v2\/product\/1472","targetHints":{"allow":["GET"]}}],"collection":[{"href":"https:\/\/sonariastore.shop\/en\/wp-json\/wp\/v2\/product"}],"about":[{"href":"https:\/\/sonariastore.shop\/en\/wp-json\/wp\/v2\/types\/product"}],"replies":[{"embeddable":true,"href":"https:\/\/sonariastore.shop\/en\/wp-json\/wp\/v2\/comments?post=1472"}],"version-history":[{"count":1,"href":"https:\/\/sonariastore.shop\/en\/wp-json\/wp\/v2\/product\/1472\/revisions"}],"predecessor-version":[{"id":1503,"href":"https:\/\/sonariastore.shop\/en\/wp-json\/wp\/v2\/product\/1472\/revisions\/1503"}],"wp:featuredmedia":[{"embeddable":true,"href":"https:\/\/sonariastore.shop\/en\/wp-json\/wp\/v2\/media\/1493"}],"wp:attachment":[{"href":"https:\/\/sonariastore.shop\/en\/wp-json\/wp\/v2\/media?parent=1472"}],"wp:term":[{"taxonomy":"product_brand","embeddable":true,"href":"https:\/\/sonariastore.shop\/en\/wp-json\/wp\/v2\/product_brand?post=1472"},{"taxonomy":"product_cat","embeddable":true,"href":"https:\/\/sonariastore.shop\/en\/wp-json\/wp\/v2\/product_cat?post=1472"},{"taxonomy":"product_tag","embeddable":true,"href":"https:\/\/sonariastore.shop\/en\/wp-json\/wp\/v2\/product_tag?post=1472"}],"curies":[{"name":"wp","href":"https:\/\/api.w.org\/{rel}","templated":true}]}}