{"id":1471,"date":"2025-12-16T20:07:35","date_gmt":"2025-12-16T20:07:35","guid":{"rendered":"https:\/\/sonariastore.shop\/?post_type=product&#038;p=1471"},"modified":"2025-12-16T20:07:44","modified_gmt":"2025-12-16T20:07:44","slug":"por-que-fracasan-las-startups","status":"publish","type":"product","link":"https:\/\/sonariastore.shop\/en\/podcast\/por-que-fracasan-las-startups\/","title":{"rendered":"Por qu\u00e9 fracasan las startups"},"content":{"rendered":"","protected":false},"excerpt":{"rendered":"<p>Historias reales de startups que no lograron sobrevivir, explicando las razones m\u00e1s frecuentes: falta de mercado, mala administraci\u00f3n, conflictos internos, mal timing o falta de adaptaci\u00f3n al cambio.<\/p>\n","protected":false},"featured_media":1493,"comment_status":"open","ping_status":"closed","template":"","meta":[],"product_brand":[],"product_cat":[56],"product_tag":[],"class_list":{"0":"post-1471","1":"product","2":"type-product","3":"status-publish","4":"has-post-thumbnail","6":"product_cat-negocios","8":"first","9":"instock","10":"downloadable","11":"virtual","12":"sold-individually","13":"purchasable","14":"product-type-simple"},"_links":{"self":[{"href":"https:\/\/sonariastore.shop\/en\/wp-json\/wp\/v2\/product\/1471","targetHints":{"allow":["GET"]}}],"collection":[{"href":"https:\/\/sonariastore.shop\/en\/wp-json\/wp\/v2\/product"}],"about":[{"href":"https:\/\/sonariastore.shop\/en\/wp-json\/wp\/v2\/types\/product"}],"replies":[{"embeddable":true,"href":"https:\/\/sonariastore.shop\/en\/wp-json\/wp\/v2\/comments?post=1471"}],"version-history":[{"count":1,"href":"https:\/\/sonariastore.shop\/en\/wp-json\/wp\/v2\/product\/1471\/revisions"}],"predecessor-version":[{"id":1502,"href":"https:\/\/sonariastore.shop\/en\/wp-json\/wp\/v2\/product\/1471\/revisions\/1502"}],"wp:featuredmedia":[{"embeddable":true,"href":"https:\/\/sonariastore.shop\/en\/wp-json\/wp\/v2\/media\/1493"}],"wp:attachment":[{"href":"https:\/\/sonariastore.shop\/en\/wp-json\/wp\/v2\/media?parent=1471"}],"wp:term":[{"taxonomy":"product_brand","embeddable":true,"href":"https:\/\/sonariastore.shop\/en\/wp-json\/wp\/v2\/product_brand?post=1471"},{"taxonomy":"product_cat","embeddable":true,"href":"https:\/\/sonariastore.shop\/en\/wp-json\/wp\/v2\/product_cat?post=1471"},{"taxonomy":"product_tag","embeddable":true,"href":"https:\/\/sonariastore.shop\/en\/wp-json\/wp\/v2\/product_tag?post=1471"}],"curies":[{"name":"wp","href":"https:\/\/api.w.org\/{rel}","templated":true}]}}