{"id":1470,"date":"2025-12-16T20:07:34","date_gmt":"2025-12-16T20:07:34","guid":{"rendered":"https:\/\/sonariastore.shop\/?post_type=product&#038;p=1470"},"modified":"2025-12-16T20:07:44","modified_gmt":"2025-12-16T20:07:44","slug":"negociacion-efectiva-en-cualquier-cultura","status":"publish","type":"product","link":"https:\/\/sonariastore.shop\/en\/podcast\/negociacion-efectiva-en-cualquier-cultura\/","title":{"rendered":"Negociaci\u00f3n efectiva en cualquier cultura"},"content":{"rendered":"","protected":false},"excerpt":{"rendered":"<p>Negociar no es igual en todos los pa\u00edses. Este episodio revela c\u00f3mo se negocia en Asia, Europa, Am\u00e9rica Latina y Medio Oriente, y por qu\u00e9 la cultura influye tanto en los acuerdos empresariales.<\/p>\n","protected":false},"featured_media":1493,"comment_status":"open","ping_status":"closed","template":"","meta":[],"product_brand":[],"product_cat":[56],"product_tag":[],"class_list":{"0":"post-1470","1":"product","2":"type-product","3":"status-publish","4":"has-post-thumbnail","6":"product_cat-negocios","8":"first","9":"instock","10":"downloadable","11":"virtual","12":"sold-individually","13":"purchasable","14":"product-type-simple"},"_links":{"self":[{"href":"https:\/\/sonariastore.shop\/en\/wp-json\/wp\/v2\/product\/1470","targetHints":{"allow":["GET"]}}],"collection":[{"href":"https:\/\/sonariastore.shop\/en\/wp-json\/wp\/v2\/product"}],"about":[{"href":"https:\/\/sonariastore.shop\/en\/wp-json\/wp\/v2\/types\/product"}],"replies":[{"embeddable":true,"href":"https:\/\/sonariastore.shop\/en\/wp-json\/wp\/v2\/comments?post=1470"}],"version-history":[{"count":1,"href":"https:\/\/sonariastore.shop\/en\/wp-json\/wp\/v2\/product\/1470\/revisions"}],"predecessor-version":[{"id":1501,"href":"https:\/\/sonariastore.shop\/en\/wp-json\/wp\/v2\/product\/1470\/revisions\/1501"}],"wp:featuredmedia":[{"embeddable":true,"href":"https:\/\/sonariastore.shop\/en\/wp-json\/wp\/v2\/media\/1493"}],"wp:attachment":[{"href":"https:\/\/sonariastore.shop\/en\/wp-json\/wp\/v2\/media?parent=1470"}],"wp:term":[{"taxonomy":"product_brand","embeddable":true,"href":"https:\/\/sonariastore.shop\/en\/wp-json\/wp\/v2\/product_brand?post=1470"},{"taxonomy":"product_cat","embeddable":true,"href":"https:\/\/sonariastore.shop\/en\/wp-json\/wp\/v2\/product_cat?post=1470"},{"taxonomy":"product_tag","embeddable":true,"href":"https:\/\/sonariastore.shop\/en\/wp-json\/wp\/v2\/product_tag?post=1470"}],"curies":[{"name":"wp","href":"https:\/\/api.w.org\/{rel}","templated":true}]}}