{"id":1468,"date":"2025-12-16T20:07:34","date_gmt":"2025-12-16T20:07:34","guid":{"rendered":"https:\/\/sonariastore.shop\/?post_type=product&#038;p=1468"},"modified":"2025-12-16T20:07:43","modified_gmt":"2025-12-16T20:07:43","slug":"modelos-de-negocio-que-dominan-el-mundo","status":"publish","type":"product","link":"https:\/\/sonariastore.shop\/en\/podcast\/modelos-de-negocio-que-dominan-el-mundo\/","title":{"rendered":"Modelos de negocio que dominan el mundo"},"content":{"rendered":"","protected":false},"excerpt":{"rendered":"<p>Exploramos los modelos de negocio que gobiernan el mundo moderno: suscripciones, plataformas digitales, marketplaces, econom\u00eda colaborativa y servicios especializados. C\u00f3mo funcionan, por qu\u00e9 crecen y cu\u00e1les son sus riesgos.<\/p>\n","protected":false},"featured_media":1493,"comment_status":"open","ping_status":"closed","template":"","meta":[],"product_brand":[],"product_cat":[56],"product_tag":[],"class_list":{"0":"post-1468","1":"product","2":"type-product","3":"status-publish","4":"has-post-thumbnail","6":"product_cat-negocios","8":"first","9":"instock","10":"downloadable","11":"virtual","12":"sold-individually","13":"purchasable","14":"product-type-simple"},"_links":{"self":[{"href":"https:\/\/sonariastore.shop\/en\/wp-json\/wp\/v2\/product\/1468","targetHints":{"allow":["GET"]}}],"collection":[{"href":"https:\/\/sonariastore.shop\/en\/wp-json\/wp\/v2\/product"}],"about":[{"href":"https:\/\/sonariastore.shop\/en\/wp-json\/wp\/v2\/types\/product"}],"replies":[{"embeddable":true,"href":"https:\/\/sonariastore.shop\/en\/wp-json\/wp\/v2\/comments?post=1468"}],"version-history":[{"count":1,"href":"https:\/\/sonariastore.shop\/en\/wp-json\/wp\/v2\/product\/1468\/revisions"}],"predecessor-version":[{"id":1499,"href":"https:\/\/sonariastore.shop\/en\/wp-json\/wp\/v2\/product\/1468\/revisions\/1499"}],"wp:featuredmedia":[{"embeddable":true,"href":"https:\/\/sonariastore.shop\/en\/wp-json\/wp\/v2\/media\/1493"}],"wp:attachment":[{"href":"https:\/\/sonariastore.shop\/en\/wp-json\/wp\/v2\/media?parent=1468"}],"wp:term":[{"taxonomy":"product_brand","embeddable":true,"href":"https:\/\/sonariastore.shop\/en\/wp-json\/wp\/v2\/product_brand?post=1468"},{"taxonomy":"product_cat","embeddable":true,"href":"https:\/\/sonariastore.shop\/en\/wp-json\/wp\/v2\/product_cat?post=1468"},{"taxonomy":"product_tag","embeddable":true,"href":"https:\/\/sonariastore.shop\/en\/wp-json\/wp\/v2\/product_tag?post=1468"}],"curies":[{"name":"wp","href":"https:\/\/api.w.org\/{rel}","templated":true}]}}