{"id":1467,"date":"2025-12-16T20:07:34","date_gmt":"2025-12-16T20:07:34","guid":{"rendered":"https:\/\/sonariastore.shop\/?post_type=product&#038;p=1467"},"modified":"2025-12-16T20:07:43","modified_gmt":"2025-12-16T20:07:43","slug":"como-vender-sin-parecer-que-vendes","status":"publish","type":"product","link":"https:\/\/sonariastore.shop\/en\/podcast\/como-vender-sin-parecer-que-vendes\/","title":{"rendered":"C\u00f3mo vender sin parecer que vendes"},"content":{"rendered":"","protected":false},"excerpt":{"rendered":"<p>En distintos pa\u00edses, empresas y emprendedores han perfeccionado el arte de vender sin recurrir a t\u00e1cticas agresivas. Este episodio explora ventas consultivas, marketing emocional y t\u00e9cnicas de influencia \u00e9tica.<\/p>\n","protected":false},"featured_media":1493,"comment_status":"open","ping_status":"closed","template":"","meta":[],"product_brand":[],"product_cat":[56],"product_tag":[],"class_list":{"0":"post-1467","1":"product","2":"type-product","3":"status-publish","4":"has-post-thumbnail","6":"product_cat-negocios","8":"first","9":"instock","10":"downloadable","11":"virtual","12":"sold-individually","13":"purchasable","14":"product-type-simple"},"_links":{"self":[{"href":"https:\/\/sonariastore.shop\/en\/wp-json\/wp\/v2\/product\/1467","targetHints":{"allow":["GET"]}}],"collection":[{"href":"https:\/\/sonariastore.shop\/en\/wp-json\/wp\/v2\/product"}],"about":[{"href":"https:\/\/sonariastore.shop\/en\/wp-json\/wp\/v2\/types\/product"}],"replies":[{"embeddable":true,"href":"https:\/\/sonariastore.shop\/en\/wp-json\/wp\/v2\/comments?post=1467"}],"version-history":[{"count":1,"href":"https:\/\/sonariastore.shop\/en\/wp-json\/wp\/v2\/product\/1467\/revisions"}],"predecessor-version":[{"id":1498,"href":"https:\/\/sonariastore.shop\/en\/wp-json\/wp\/v2\/product\/1467\/revisions\/1498"}],"wp:featuredmedia":[{"embeddable":true,"href":"https:\/\/sonariastore.shop\/en\/wp-json\/wp\/v2\/media\/1493"}],"wp:attachment":[{"href":"https:\/\/sonariastore.shop\/en\/wp-json\/wp\/v2\/media?parent=1467"}],"wp:term":[{"taxonomy":"product_brand","embeddable":true,"href":"https:\/\/sonariastore.shop\/en\/wp-json\/wp\/v2\/product_brand?post=1467"},{"taxonomy":"product_cat","embeddable":true,"href":"https:\/\/sonariastore.shop\/en\/wp-json\/wp\/v2\/product_cat?post=1467"},{"taxonomy":"product_tag","embeddable":true,"href":"https:\/\/sonariastore.shop\/en\/wp-json\/wp\/v2\/product_tag?post=1467"}],"curies":[{"name":"wp","href":"https:\/\/api.w.org\/{rel}","templated":true}]}}