{"id":1466,"date":"2025-12-16T20:07:34","date_gmt":"2025-12-16T20:07:34","guid":{"rendered":"https:\/\/sonariastore.shop\/?post_type=product&#038;p=1466"},"modified":"2025-12-16T20:07:42","modified_gmt":"2025-12-16T20:07:42","slug":"psicologia-del-consumidor-moderno","status":"publish","type":"product","link":"https:\/\/sonariastore.shop\/en\/podcast\/psicologia-del-consumidor-moderno\/","title":{"rendered":"Psicolog\u00eda del consumidor moderno"},"content":{"rendered":"","protected":false},"excerpt":{"rendered":"<p>Un episodio dedicado a entender c\u00f3mo piensa el comprador actual en un mundo dominado por la tecnolog\u00eda, la inmediatez y la sobreinformaci\u00f3n. Analizamos motivaciones, comportamientos, patrones psicol\u00f3gicos y tendencias globales.<\/p>\n","protected":false},"featured_media":1493,"comment_status":"open","ping_status":"closed","template":"","meta":[],"product_brand":[],"product_cat":[56],"product_tag":[],"class_list":{"0":"post-1466","1":"product","2":"type-product","3":"status-publish","4":"has-post-thumbnail","6":"product_cat-negocios","8":"first","9":"instock","10":"downloadable","11":"virtual","12":"sold-individually","13":"purchasable","14":"product-type-simple"},"_links":{"self":[{"href":"https:\/\/sonariastore.shop\/en\/wp-json\/wp\/v2\/product\/1466","targetHints":{"allow":["GET"]}}],"collection":[{"href":"https:\/\/sonariastore.shop\/en\/wp-json\/wp\/v2\/product"}],"about":[{"href":"https:\/\/sonariastore.shop\/en\/wp-json\/wp\/v2\/types\/product"}],"replies":[{"embeddable":true,"href":"https:\/\/sonariastore.shop\/en\/wp-json\/wp\/v2\/comments?post=1466"}],"version-history":[{"count":1,"href":"https:\/\/sonariastore.shop\/en\/wp-json\/wp\/v2\/product\/1466\/revisions"}],"predecessor-version":[{"id":1497,"href":"https:\/\/sonariastore.shop\/en\/wp-json\/wp\/v2\/product\/1466\/revisions\/1497"}],"wp:featuredmedia":[{"embeddable":true,"href":"https:\/\/sonariastore.shop\/en\/wp-json\/wp\/v2\/media\/1493"}],"wp:attachment":[{"href":"https:\/\/sonariastore.shop\/en\/wp-json\/wp\/v2\/media?parent=1466"}],"wp:term":[{"taxonomy":"product_brand","embeddable":true,"href":"https:\/\/sonariastore.shop\/en\/wp-json\/wp\/v2\/product_brand?post=1466"},{"taxonomy":"product_cat","embeddable":true,"href":"https:\/\/sonariastore.shop\/en\/wp-json\/wp\/v2\/product_cat?post=1466"},{"taxonomy":"product_tag","embeddable":true,"href":"https:\/\/sonariastore.shop\/en\/wp-json\/wp\/v2\/product_tag?post=1466"}],"curies":[{"name":"wp","href":"https:\/\/api.w.org\/{rel}","templated":true}]}}