{"id":1465,"date":"2025-12-16T20:07:34","date_gmt":"2025-12-16T20:07:34","guid":{"rendered":"https:\/\/sonariastore.shop\/?post_type=product&#038;p=1465"},"modified":"2025-12-16T20:07:42","modified_gmt":"2025-12-16T20:07:42","slug":"errores-que-destruyen-negocios-sin-que-lo-notes","status":"publish","type":"product","link":"https:\/\/sonariastore.shop\/en\/podcast\/errores-que-destruyen-negocios-sin-que-lo-notes\/","title":{"rendered":"Errores que destruyen negocios sin que lo notes"},"content":{"rendered":"","protected":false},"excerpt":{"rendered":"<p>Un recorrido por errores comunes \u2014y a menudo invisibles\u2014 que llevan a la quiebra a negocios de todos los tama\u00f1os. Desde mala gesti\u00f3n financiera hasta decisiones estrat\u00e9gicas equivocadas y problemas de liderazgo.<\/p>\n","protected":false},"featured_media":1493,"comment_status":"open","ping_status":"closed","template":"","meta":[],"product_brand":[],"product_cat":[56],"product_tag":[],"class_list":{"0":"post-1465","1":"product","2":"type-product","3":"status-publish","4":"has-post-thumbnail","6":"product_cat-negocios","8":"first","9":"instock","10":"downloadable","11":"virtual","12":"sold-individually","13":"purchasable","14":"product-type-simple"},"_links":{"self":[{"href":"https:\/\/sonariastore.shop\/en\/wp-json\/wp\/v2\/product\/1465","targetHints":{"allow":["GET"]}}],"collection":[{"href":"https:\/\/sonariastore.shop\/en\/wp-json\/wp\/v2\/product"}],"about":[{"href":"https:\/\/sonariastore.shop\/en\/wp-json\/wp\/v2\/types\/product"}],"replies":[{"embeddable":true,"href":"https:\/\/sonariastore.shop\/en\/wp-json\/wp\/v2\/comments?post=1465"}],"version-history":[{"count":1,"href":"https:\/\/sonariastore.shop\/en\/wp-json\/wp\/v2\/product\/1465\/revisions"}],"predecessor-version":[{"id":1496,"href":"https:\/\/sonariastore.shop\/en\/wp-json\/wp\/v2\/product\/1465\/revisions\/1496"}],"wp:featuredmedia":[{"embeddable":true,"href":"https:\/\/sonariastore.shop\/en\/wp-json\/wp\/v2\/media\/1493"}],"wp:attachment":[{"href":"https:\/\/sonariastore.shop\/en\/wp-json\/wp\/v2\/media?parent=1465"}],"wp:term":[{"taxonomy":"product_brand","embeddable":true,"href":"https:\/\/sonariastore.shop\/en\/wp-json\/wp\/v2\/product_brand?post=1465"},{"taxonomy":"product_cat","embeddable":true,"href":"https:\/\/sonariastore.shop\/en\/wp-json\/wp\/v2\/product_cat?post=1465"},{"taxonomy":"product_tag","embeddable":true,"href":"https:\/\/sonariastore.shop\/en\/wp-json\/wp\/v2\/product_tag?post=1465"}],"curies":[{"name":"wp","href":"https:\/\/api.w.org\/{rel}","templated":true}]}}