{"id":1464,"date":"2025-12-16T20:07:34","date_gmt":"2025-12-16T20:07:34","guid":{"rendered":"https:\/\/sonariastore.shop\/?post_type=product&#038;p=1464"},"modified":"2025-12-16T20:07:42","modified_gmt":"2025-12-16T20:07:42","slug":"estrategias-que-usan-las-empresas-mas-exitosas","status":"publish","type":"product","link":"https:\/\/sonariastore.shop\/en\/podcast\/estrategias-que-usan-las-empresas-mas-exitosas\/","title":{"rendered":"Estrategias que usan las empresas m\u00e1s exitosas"},"content":{"rendered":"","protected":false},"excerpt":{"rendered":"<p>Las estrategias clave utilizadas por empresas de primer nivel como Apple, Toyota, Amazon y compa\u00f1\u00edas emergentes globales. Explicamos c\u00f3mo piensan, c\u00f3mo toman decisiones y qu\u00e9 t\u00e1cticas replicables puedes aplicar a tu propio proyecto.<\/p>\n","protected":false},"featured_media":1493,"comment_status":"open","ping_status":"closed","template":"","meta":[],"product_brand":[],"product_cat":[56],"product_tag":[],"class_list":{"0":"post-1464","1":"product","2":"type-product","3":"status-publish","4":"has-post-thumbnail","6":"product_cat-negocios","8":"first","9":"instock","10":"downloadable","11":"virtual","12":"sold-individually","13":"purchasable","14":"product-type-simple"},"_links":{"self":[{"href":"https:\/\/sonariastore.shop\/en\/wp-json\/wp\/v2\/product\/1464","targetHints":{"allow":["GET"]}}],"collection":[{"href":"https:\/\/sonariastore.shop\/en\/wp-json\/wp\/v2\/product"}],"about":[{"href":"https:\/\/sonariastore.shop\/en\/wp-json\/wp\/v2\/types\/product"}],"replies":[{"embeddable":true,"href":"https:\/\/sonariastore.shop\/en\/wp-json\/wp\/v2\/comments?post=1464"}],"version-history":[{"count":1,"href":"https:\/\/sonariastore.shop\/en\/wp-json\/wp\/v2\/product\/1464\/revisions"}],"predecessor-version":[{"id":1495,"href":"https:\/\/sonariastore.shop\/en\/wp-json\/wp\/v2\/product\/1464\/revisions\/1495"}],"wp:featuredmedia":[{"embeddable":true,"href":"https:\/\/sonariastore.shop\/en\/wp-json\/wp\/v2\/media\/1493"}],"wp:attachment":[{"href":"https:\/\/sonariastore.shop\/en\/wp-json\/wp\/v2\/media?parent=1464"}],"wp:term":[{"taxonomy":"product_brand","embeddable":true,"href":"https:\/\/sonariastore.shop\/en\/wp-json\/wp\/v2\/product_brand?post=1464"},{"taxonomy":"product_cat","embeddable":true,"href":"https:\/\/sonariastore.shop\/en\/wp-json\/wp\/v2\/product_cat?post=1464"},{"taxonomy":"product_tag","embeddable":true,"href":"https:\/\/sonariastore.shop\/en\/wp-json\/wp\/v2\/product_tag?post=1464"}],"curies":[{"name":"wp","href":"https:\/\/api.w.org\/{rel}","templated":true}]}}