{"id":1416,"date":"2025-12-16T20:07:19","date_gmt":"2025-12-16T20:07:19","guid":{"rendered":"https:\/\/sonariastore.shop\/?post_type=product&#038;p=1416"},"modified":"2025-12-16T20:07:32","modified_gmt":"2025-12-16T20:07:32","slug":"errores-famosos-en-la-ciencia","status":"publish","type":"product","link":"https:\/\/sonariastore.shop\/en\/podcast\/errores-famosos-en-la-ciencia\/","title":{"rendered":"Errores famosos en la ciencia"},"content":{"rendered":"","protected":false},"excerpt":{"rendered":"<p>Las equivocaciones m\u00e1s grandes de la ciencia y lo que nos ense\u00f1an sobre el m\u00e9todo cient\u00edfico, la duda y la importancia del error en el progreso humano.<\/p>\n","protected":false},"featured_media":1442,"comment_status":"open","ping_status":"closed","template":"","meta":[],"product_brand":[],"product_cat":[55],"product_tag":[],"class_list":{"0":"post-1416","1":"product","2":"type-product","3":"status-publish","4":"has-post-thumbnail","6":"product_cat-educacion","8":"first","9":"instock","10":"downloadable","11":"virtual","12":"sold-individually","13":"purchasable","14":"product-type-simple"},"_links":{"self":[{"href":"https:\/\/sonariastore.shop\/en\/wp-json\/wp\/v2\/product\/1416","targetHints":{"allow":["GET"]}}],"collection":[{"href":"https:\/\/sonariastore.shop\/en\/wp-json\/wp\/v2\/product"}],"about":[{"href":"https:\/\/sonariastore.shop\/en\/wp-json\/wp\/v2\/types\/product"}],"replies":[{"embeddable":true,"href":"https:\/\/sonariastore.shop\/en\/wp-json\/wp\/v2\/comments?post=1416"}],"version-history":[{"count":1,"href":"https:\/\/sonariastore.shop\/en\/wp-json\/wp\/v2\/product\/1416\/revisions"}],"predecessor-version":[{"id":1448,"href":"https:\/\/sonariastore.shop\/en\/wp-json\/wp\/v2\/product\/1416\/revisions\/1448"}],"wp:featuredmedia":[{"embeddable":true,"href":"https:\/\/sonariastore.shop\/en\/wp-json\/wp\/v2\/media\/1442"}],"wp:attachment":[{"href":"https:\/\/sonariastore.shop\/en\/wp-json\/wp\/v2\/media?parent=1416"}],"wp:term":[{"taxonomy":"product_brand","embeddable":true,"href":"https:\/\/sonariastore.shop\/en\/wp-json\/wp\/v2\/product_brand?post=1416"},{"taxonomy":"product_cat","embeddable":true,"href":"https:\/\/sonariastore.shop\/en\/wp-json\/wp\/v2\/product_cat?post=1416"},{"taxonomy":"product_tag","embeddable":true,"href":"https:\/\/sonariastore.shop\/en\/wp-json\/wp\/v2\/product_tag?post=1416"}],"curies":[{"name":"wp","href":"https:\/\/api.w.org\/{rel}","templated":true}]}}