{"id":1413,"date":"2025-12-16T20:07:19","date_gmt":"2025-12-16T20:07:19","guid":{"rendered":"https:\/\/sonariastore.shop\/?post_type=product&#038;p=1413"},"modified":"2025-12-16T20:07:31","modified_gmt":"2025-12-16T20:07:31","slug":"pequenos-experimentos-que-explican-el-mundo","status":"publish","type":"product","link":"https:\/\/sonariastore.shop\/en\/podcast\/pequenos-experimentos-que-explican-el-mundo\/","title":{"rendered":"Peque\u00f1os experimentos que explican el mundo"},"content":{"rendered":"","protected":false},"excerpt":{"rendered":"<p>Experimentos simples de f\u00edsica, qu\u00edmica y biolog\u00eda explicados con claridad, mostrando c\u00f3mo peque\u00f1os fen\u00f3menos revelan grandes principios cient\u00edficos.<\/p>\n","protected":false},"featured_media":1442,"comment_status":"open","ping_status":"closed","template":"","meta":[],"product_brand":[],"product_cat":[55],"product_tag":[],"class_list":{"0":"post-1413","1":"product","2":"type-product","3":"status-publish","4":"has-post-thumbnail","6":"product_cat-educacion","8":"first","9":"instock","10":"downloadable","11":"virtual","12":"sold-individually","13":"purchasable","14":"product-type-simple"},"_links":{"self":[{"href":"https:\/\/sonariastore.shop\/en\/wp-json\/wp\/v2\/product\/1413","targetHints":{"allow":["GET"]}}],"collection":[{"href":"https:\/\/sonariastore.shop\/en\/wp-json\/wp\/v2\/product"}],"about":[{"href":"https:\/\/sonariastore.shop\/en\/wp-json\/wp\/v2\/types\/product"}],"replies":[{"embeddable":true,"href":"https:\/\/sonariastore.shop\/en\/wp-json\/wp\/v2\/comments?post=1413"}],"version-history":[{"count":1,"href":"https:\/\/sonariastore.shop\/en\/wp-json\/wp\/v2\/product\/1413\/revisions"}],"predecessor-version":[{"id":1445,"href":"https:\/\/sonariastore.shop\/en\/wp-json\/wp\/v2\/product\/1413\/revisions\/1445"}],"wp:featuredmedia":[{"embeddable":true,"href":"https:\/\/sonariastore.shop\/en\/wp-json\/wp\/v2\/media\/1442"}],"wp:attachment":[{"href":"https:\/\/sonariastore.shop\/en\/wp-json\/wp\/v2\/media?parent=1413"}],"wp:term":[{"taxonomy":"product_brand","embeddable":true,"href":"https:\/\/sonariastore.shop\/en\/wp-json\/wp\/v2\/product_brand?post=1413"},{"taxonomy":"product_cat","embeddable":true,"href":"https:\/\/sonariastore.shop\/en\/wp-json\/wp\/v2\/product_cat?post=1413"},{"taxonomy":"product_tag","embeddable":true,"href":"https:\/\/sonariastore.shop\/en\/wp-json\/wp\/v2\/product_tag?post=1413"}],"curies":[{"name":"wp","href":"https:\/\/api.w.org\/{rel}","templated":true}]}}