{"id":1410,"date":"2025-12-16T20:07:19","date_gmt":"2025-12-16T20:07:19","guid":{"rendered":"https:\/\/sonariastore.shop\/?post_type=product&#038;p=1410"},"modified":"2025-12-16T20:07:28","modified_gmt":"2025-12-16T20:07:28","slug":"como-educan-a-los-ninos-en-diferentes-sociedades","status":"publish","type":"product","link":"https:\/\/sonariastore.shop\/en\/podcast\/como-educan-a-los-ninos-en-diferentes-sociedades\/","title":{"rendered":"C\u00f3mo educan a los ni\u00f1os en diferentes sociedades"},"content":{"rendered":"","protected":false},"excerpt":{"rendered":"<p>Comparaci\u00f3n de modelos de crianza en Suecia, Jap\u00f3n, Kenia y Chile, mostrando c\u00f3mo los valores culturales moldean la educaci\u00f3n, la disciplina y el desarrollo de los ni\u00f1os.<\/p>\n","protected":false},"featured_media":1421,"comment_status":"open","ping_status":"closed","template":"","meta":[],"product_brand":[],"product_cat":[54],"product_tag":[],"class_list":{"0":"post-1410","1":"product","2":"type-product","3":"status-publish","4":"has-post-thumbnail","6":"product_cat-cultura","8":"first","9":"instock","10":"downloadable","11":"virtual","12":"sold-individually","13":"purchasable","14":"product-type-simple"},"_links":{"self":[{"href":"https:\/\/sonariastore.shop\/en\/wp-json\/wp\/v2\/product\/1410","targetHints":{"allow":["GET"]}}],"collection":[{"href":"https:\/\/sonariastore.shop\/en\/wp-json\/wp\/v2\/product"}],"about":[{"href":"https:\/\/sonariastore.shop\/en\/wp-json\/wp\/v2\/types\/product"}],"replies":[{"embeddable":true,"href":"https:\/\/sonariastore.shop\/en\/wp-json\/wp\/v2\/comments?post=1410"}],"version-history":[{"count":1,"href":"https:\/\/sonariastore.shop\/en\/wp-json\/wp\/v2\/product\/1410\/revisions"}],"predecessor-version":[{"id":1441,"href":"https:\/\/sonariastore.shop\/en\/wp-json\/wp\/v2\/product\/1410\/revisions\/1441"}],"wp:featuredmedia":[{"embeddable":true,"href":"https:\/\/sonariastore.shop\/en\/wp-json\/wp\/v2\/media\/1421"}],"wp:attachment":[{"href":"https:\/\/sonariastore.shop\/en\/wp-json\/wp\/v2\/media?parent=1410"}],"wp:term":[{"taxonomy":"product_brand","embeddable":true,"href":"https:\/\/sonariastore.shop\/en\/wp-json\/wp\/v2\/product_brand?post=1410"},{"taxonomy":"product_cat","embeddable":true,"href":"https:\/\/sonariastore.shop\/en\/wp-json\/wp\/v2\/product_cat?post=1410"},{"taxonomy":"product_tag","embeddable":true,"href":"https:\/\/sonariastore.shop\/en\/wp-json\/wp\/v2\/product_tag?post=1410"}],"curies":[{"name":"wp","href":"https:\/\/api.w.org\/{rel}","templated":true}]}}