{"id":1408,"date":"2025-12-16T20:07:18","date_gmt":"2025-12-16T20:07:18","guid":{"rendered":"https:\/\/sonariastore.shop\/?post_type=product&#038;p=1408"},"modified":"2025-12-16T20:07:27","modified_gmt":"2025-12-16T20:07:27","slug":"supersticiones-y-amuletos-alrededor-del-planeta","status":"publish","type":"product","link":"https:\/\/sonariastore.shop\/en\/podcast\/supersticiones-y-amuletos-alrededor-del-planeta\/","title":{"rendered":"Supersticiones y amuletos alrededor del planeta"},"content":{"rendered":"","protected":false},"excerpt":{"rendered":"<p>Supersticiones y amuletos en Turqu\u00eda, Irlanda, M\u00e9xico y Jap\u00f3n, y c\u00f3mo estos s\u00edmbolos contin\u00faan influyendo en la vida moderna a pesar del avance de la ciencia y la l\u00f3gica.<\/p>\n","protected":false},"featured_media":1421,"comment_status":"open","ping_status":"closed","template":"","meta":[],"product_brand":[],"product_cat":[54],"product_tag":[],"class_list":{"0":"post-1408","1":"product","2":"type-product","3":"status-publish","4":"has-post-thumbnail","6":"product_cat-cultura","8":"first","9":"instock","10":"downloadable","11":"virtual","12":"sold-individually","13":"purchasable","14":"product-type-simple"},"_links":{"self":[{"href":"https:\/\/sonariastore.shop\/en\/wp-json\/wp\/v2\/product\/1408","targetHints":{"allow":["GET"]}}],"collection":[{"href":"https:\/\/sonariastore.shop\/en\/wp-json\/wp\/v2\/product"}],"about":[{"href":"https:\/\/sonariastore.shop\/en\/wp-json\/wp\/v2\/types\/product"}],"replies":[{"embeddable":true,"href":"https:\/\/sonariastore.shop\/en\/wp-json\/wp\/v2\/comments?post=1408"}],"version-history":[{"count":1,"href":"https:\/\/sonariastore.shop\/en\/wp-json\/wp\/v2\/product\/1408\/revisions"}],"predecessor-version":[{"id":1439,"href":"https:\/\/sonariastore.shop\/en\/wp-json\/wp\/v2\/product\/1408\/revisions\/1439"}],"wp:featuredmedia":[{"embeddable":true,"href":"https:\/\/sonariastore.shop\/en\/wp-json\/wp\/v2\/media\/1421"}],"wp:attachment":[{"href":"https:\/\/sonariastore.shop\/en\/wp-json\/wp\/v2\/media?parent=1408"}],"wp:term":[{"taxonomy":"product_brand","embeddable":true,"href":"https:\/\/sonariastore.shop\/en\/wp-json\/wp\/v2\/product_brand?post=1408"},{"taxonomy":"product_cat","embeddable":true,"href":"https:\/\/sonariastore.shop\/en\/wp-json\/wp\/v2\/product_cat?post=1408"},{"taxonomy":"product_tag","embeddable":true,"href":"https:\/\/sonariastore.shop\/en\/wp-json\/wp\/v2\/product_tag?post=1408"}],"curies":[{"name":"wp","href":"https:\/\/api.w.org\/{rel}","templated":true}]}}