{"id":1407,"date":"2025-12-16T20:07:18","date_gmt":"2025-12-16T20:07:18","guid":{"rendered":"https:\/\/sonariastore.shop\/?post_type=product&#038;p=1407"},"modified":"2025-12-16T20:07:27","modified_gmt":"2025-12-16T20:07:27","slug":"el-simbolismo-de-los-colores-segun-cada-pais","status":"publish","type":"product","link":"https:\/\/sonariastore.shop\/en\/podcast\/el-simbolismo-de-los-colores-segun-cada-pais\/","title":{"rendered":"El simbolismo de los colores seg\u00fan cada pa\u00eds"},"content":{"rendered":"","protected":false},"excerpt":{"rendered":"<p>El poder simb\u00f3lico del color en culturas como la china, la india, la africana y la europea, donde cada tonalidad representa emociones, creencias o momentos de vida marcados por la tradici\u00f3n.<\/p>\n","protected":false},"featured_media":1421,"comment_status":"open","ping_status":"closed","template":"","meta":[],"product_brand":[],"product_cat":[54],"product_tag":[],"class_list":{"0":"post-1407","1":"product","2":"type-product","3":"status-publish","4":"has-post-thumbnail","6":"product_cat-cultura","8":"first","9":"instock","10":"downloadable","11":"virtual","12":"sold-individually","13":"purchasable","14":"product-type-simple"},"_links":{"self":[{"href":"https:\/\/sonariastore.shop\/en\/wp-json\/wp\/v2\/product\/1407","targetHints":{"allow":["GET"]}}],"collection":[{"href":"https:\/\/sonariastore.shop\/en\/wp-json\/wp\/v2\/product"}],"about":[{"href":"https:\/\/sonariastore.shop\/en\/wp-json\/wp\/v2\/types\/product"}],"replies":[{"embeddable":true,"href":"https:\/\/sonariastore.shop\/en\/wp-json\/wp\/v2\/comments?post=1407"}],"version-history":[{"count":1,"href":"https:\/\/sonariastore.shop\/en\/wp-json\/wp\/v2\/product\/1407\/revisions"}],"predecessor-version":[{"id":1438,"href":"https:\/\/sonariastore.shop\/en\/wp-json\/wp\/v2\/product\/1407\/revisions\/1438"}],"wp:featuredmedia":[{"embeddable":true,"href":"https:\/\/sonariastore.shop\/en\/wp-json\/wp\/v2\/media\/1421"}],"wp:attachment":[{"href":"https:\/\/sonariastore.shop\/en\/wp-json\/wp\/v2\/media?parent=1407"}],"wp:term":[{"taxonomy":"product_brand","embeddable":true,"href":"https:\/\/sonariastore.shop\/en\/wp-json\/wp\/v2\/product_brand?post=1407"},{"taxonomy":"product_cat","embeddable":true,"href":"https:\/\/sonariastore.shop\/en\/wp-json\/wp\/v2\/product_cat?post=1407"},{"taxonomy":"product_tag","embeddable":true,"href":"https:\/\/sonariastore.shop\/en\/wp-json\/wp\/v2\/product_tag?post=1407"}],"curies":[{"name":"wp","href":"https:\/\/api.w.org\/{rel}","templated":true}]}}