{"id":1402,"date":"2025-12-16T20:07:18","date_gmt":"2025-12-16T20:07:18","guid":{"rendered":"https:\/\/sonariastore.shop\/?post_type=product&#038;p=1402"},"modified":"2025-12-16T20:07:25","modified_gmt":"2025-12-16T20:07:25","slug":"creencias-sobre-la-naturaleza-en-distintas-culturas","status":"publish","type":"product","link":"https:\/\/sonariastore.shop\/en\/podcast\/creencias-sobre-la-naturaleza-en-distintas-culturas\/","title":{"rendered":"Creencias sobre la naturaleza en distintas culturas"},"content":{"rendered":"","protected":false},"excerpt":{"rendered":"<p>Exploramos creencias ancestrales sobre la naturaleza en culturas n\u00f3rdicas, amaz\u00f3nicas, africanas y orientales, donde monta\u00f1as, r\u00edos y bosques son considerados entidades vivas con significado espiritual.<\/p>\n","protected":false},"featured_media":1421,"comment_status":"open","ping_status":"closed","template":"","meta":[],"product_brand":[],"product_cat":[54],"product_tag":[],"class_list":{"0":"post-1402","1":"product","2":"type-product","3":"status-publish","4":"has-post-thumbnail","6":"product_cat-cultura","8":"first","9":"instock","10":"downloadable","11":"virtual","12":"sold-individually","13":"purchasable","14":"product-type-simple"},"_links":{"self":[{"href":"https:\/\/sonariastore.shop\/en\/wp-json\/wp\/v2\/product\/1402","targetHints":{"allow":["GET"]}}],"collection":[{"href":"https:\/\/sonariastore.shop\/en\/wp-json\/wp\/v2\/product"}],"about":[{"href":"https:\/\/sonariastore.shop\/en\/wp-json\/wp\/v2\/types\/product"}],"replies":[{"embeddable":true,"href":"https:\/\/sonariastore.shop\/en\/wp-json\/wp\/v2\/comments?post=1402"}],"version-history":[{"count":1,"href":"https:\/\/sonariastore.shop\/en\/wp-json\/wp\/v2\/product\/1402\/revisions"}],"predecessor-version":[{"id":1433,"href":"https:\/\/sonariastore.shop\/en\/wp-json\/wp\/v2\/product\/1402\/revisions\/1433"}],"wp:featuredmedia":[{"embeddable":true,"href":"https:\/\/sonariastore.shop\/en\/wp-json\/wp\/v2\/media\/1421"}],"wp:attachment":[{"href":"https:\/\/sonariastore.shop\/en\/wp-json\/wp\/v2\/media?parent=1402"}],"wp:term":[{"taxonomy":"product_brand","embeddable":true,"href":"https:\/\/sonariastore.shop\/en\/wp-json\/wp\/v2\/product_brand?post=1402"},{"taxonomy":"product_cat","embeddable":true,"href":"https:\/\/sonariastore.shop\/en\/wp-json\/wp\/v2\/product_cat?post=1402"},{"taxonomy":"product_tag","embeddable":true,"href":"https:\/\/sonariastore.shop\/en\/wp-json\/wp\/v2\/product_tag?post=1402"}],"curies":[{"name":"wp","href":"https:\/\/api.w.org\/{rel}","templated":true}]}}