{"id":1401,"date":"2025-12-16T20:07:18","date_gmt":"2025-12-16T20:07:18","guid":{"rendered":"https:\/\/sonariastore.shop\/?post_type=product&#038;p=1401"},"modified":"2025-12-16T20:07:25","modified_gmt":"2025-12-16T20:07:25","slug":"costumbres-que-sorprenden-al-viajero","status":"publish","type":"product","link":"https:\/\/sonariastore.shop\/en\/podcast\/costumbres-que-sorprenden-al-viajero\/","title":{"rendered":"Costumbres que sorprenden al viajero"},"content":{"rendered":"","protected":false},"excerpt":{"rendered":"<p>Un recorrido por costumbres sorprendentes de pa\u00edses como Corea del Sur, Finlandia, Marruecos y Per\u00fa, que muestran maneras muy distintas de entender la convivencia social, la etiqueta y la relaci\u00f3n con la comunidad.<\/p>\n","protected":false},"featured_media":1421,"comment_status":"open","ping_status":"closed","template":"","meta":[],"product_brand":[],"product_cat":[54],"product_tag":[],"class_list":{"0":"post-1401","1":"product","2":"type-product","3":"status-publish","4":"has-post-thumbnail","6":"product_cat-cultura","8":"first","9":"instock","10":"downloadable","11":"virtual","12":"sold-individually","13":"purchasable","14":"product-type-simple"},"_links":{"self":[{"href":"https:\/\/sonariastore.shop\/en\/wp-json\/wp\/v2\/product\/1401","targetHints":{"allow":["GET"]}}],"collection":[{"href":"https:\/\/sonariastore.shop\/en\/wp-json\/wp\/v2\/product"}],"about":[{"href":"https:\/\/sonariastore.shop\/en\/wp-json\/wp\/v2\/types\/product"}],"replies":[{"embeddable":true,"href":"https:\/\/sonariastore.shop\/en\/wp-json\/wp\/v2\/comments?post=1401"}],"version-history":[{"count":1,"href":"https:\/\/sonariastore.shop\/en\/wp-json\/wp\/v2\/product\/1401\/revisions"}],"predecessor-version":[{"id":1432,"href":"https:\/\/sonariastore.shop\/en\/wp-json\/wp\/v2\/product\/1401\/revisions\/1432"}],"wp:featuredmedia":[{"embeddable":true,"href":"https:\/\/sonariastore.shop\/en\/wp-json\/wp\/v2\/media\/1421"}],"wp:attachment":[{"href":"https:\/\/sonariastore.shop\/en\/wp-json\/wp\/v2\/media?parent=1401"}],"wp:term":[{"taxonomy":"product_brand","embeddable":true,"href":"https:\/\/sonariastore.shop\/en\/wp-json\/wp\/v2\/product_brand?post=1401"},{"taxonomy":"product_cat","embeddable":true,"href":"https:\/\/sonariastore.shop\/en\/wp-json\/wp\/v2\/product_cat?post=1401"},{"taxonomy":"product_tag","embeddable":true,"href":"https:\/\/sonariastore.shop\/en\/wp-json\/wp\/v2\/product_tag?post=1401"}],"curies":[{"name":"wp","href":"https:\/\/api.w.org\/{rel}","templated":true}]}}