{"id":1400,"date":"2025-12-16T20:07:18","date_gmt":"2025-12-16T20:07:18","guid":{"rendered":"https:\/\/sonariastore.shop\/?post_type=product&#038;p=1400"},"modified":"2025-12-16T20:07:25","modified_gmt":"2025-12-16T20:07:25","slug":"arquitectura-que-revela-identidades","status":"publish","type":"product","link":"https:\/\/sonariastore.shop\/en\/podcast\/arquitectura-que-revela-identidades\/","title":{"rendered":"Arquitectura que revela identidades"},"content":{"rendered":"","protected":false},"excerpt":{"rendered":"<p>Un an\u00e1lisis de arquitecturas emblem\u00e1ticas como el g\u00f3tico europeo, las estructuras de barro africanas o las pagodas asi\u00e1ticas, que revelan formas \u00fanicas de entender la espiritualidad, el poder y la vida cotidiana.<\/p>\n","protected":false},"featured_media":1421,"comment_status":"open","ping_status":"closed","template":"","meta":[],"product_brand":[],"product_cat":[54],"product_tag":[],"class_list":{"0":"post-1400","1":"product","2":"type-product","3":"status-publish","4":"has-post-thumbnail","6":"product_cat-cultura","8":"first","9":"instock","10":"downloadable","11":"virtual","12":"sold-individually","13":"purchasable","14":"product-type-simple"},"_links":{"self":[{"href":"https:\/\/sonariastore.shop\/en\/wp-json\/wp\/v2\/product\/1400","targetHints":{"allow":["GET"]}}],"collection":[{"href":"https:\/\/sonariastore.shop\/en\/wp-json\/wp\/v2\/product"}],"about":[{"href":"https:\/\/sonariastore.shop\/en\/wp-json\/wp\/v2\/types\/product"}],"replies":[{"embeddable":true,"href":"https:\/\/sonariastore.shop\/en\/wp-json\/wp\/v2\/comments?post=1400"}],"version-history":[{"count":1,"href":"https:\/\/sonariastore.shop\/en\/wp-json\/wp\/v2\/product\/1400\/revisions"}],"predecessor-version":[{"id":1431,"href":"https:\/\/sonariastore.shop\/en\/wp-json\/wp\/v2\/product\/1400\/revisions\/1431"}],"wp:featuredmedia":[{"embeddable":true,"href":"https:\/\/sonariastore.shop\/en\/wp-json\/wp\/v2\/media\/1421"}],"wp:attachment":[{"href":"https:\/\/sonariastore.shop\/en\/wp-json\/wp\/v2\/media?parent=1400"}],"wp:term":[{"taxonomy":"product_brand","embeddable":true,"href":"https:\/\/sonariastore.shop\/en\/wp-json\/wp\/v2\/product_brand?post=1400"},{"taxonomy":"product_cat","embeddable":true,"href":"https:\/\/sonariastore.shop\/en\/wp-json\/wp\/v2\/product_cat?post=1400"},{"taxonomy":"product_tag","embeddable":true,"href":"https:\/\/sonariastore.shop\/en\/wp-json\/wp\/v2\/product_tag?post=1400"}],"curies":[{"name":"wp","href":"https:\/\/api.w.org\/{rel}","templated":true}]}}