{"id":1398,"date":"2025-12-16T20:07:17","date_gmt":"2025-12-16T20:07:17","guid":{"rendered":"https:\/\/sonariastore.shop\/?post_type=product&#038;p=1398"},"modified":"2025-12-16T20:07:24","modified_gmt":"2025-12-16T20:07:24","slug":"el-ritmo-oculto-de-cada-cultura","status":"publish","type":"product","link":"https:\/\/sonariastore.shop\/en\/podcast\/el-ritmo-oculto-de-cada-cultura\/","title":{"rendered":"El ritmo oculto de cada cultura"},"content":{"rendered":"","protected":false},"excerpt":{"rendered":"<p>Una exploraci\u00f3n del ritmo y la m\u00fasica tradicional en culturas como Brasil, India, Senegal y los Balcanes, mostrando c\u00f3mo los sonidos se convierten en una forma de identidad, resistencia y expresi\u00f3n cultural.<\/p>\n","protected":false},"featured_media":1421,"comment_status":"open","ping_status":"closed","template":"","meta":[],"product_brand":[],"product_cat":[54],"product_tag":[],"class_list":{"0":"post-1398","1":"product","2":"type-product","3":"status-publish","4":"has-post-thumbnail","6":"product_cat-cultura","8":"first","9":"instock","10":"downloadable","11":"virtual","12":"sold-individually","13":"purchasable","14":"product-type-simple"},"_links":{"self":[{"href":"https:\/\/sonariastore.shop\/en\/wp-json\/wp\/v2\/product\/1398","targetHints":{"allow":["GET"]}}],"collection":[{"href":"https:\/\/sonariastore.shop\/en\/wp-json\/wp\/v2\/product"}],"about":[{"href":"https:\/\/sonariastore.shop\/en\/wp-json\/wp\/v2\/types\/product"}],"replies":[{"embeddable":true,"href":"https:\/\/sonariastore.shop\/en\/wp-json\/wp\/v2\/comments?post=1398"}],"version-history":[{"count":1,"href":"https:\/\/sonariastore.shop\/en\/wp-json\/wp\/v2\/product\/1398\/revisions"}],"predecessor-version":[{"id":1429,"href":"https:\/\/sonariastore.shop\/en\/wp-json\/wp\/v2\/product\/1398\/revisions\/1429"}],"wp:featuredmedia":[{"embeddable":true,"href":"https:\/\/sonariastore.shop\/en\/wp-json\/wp\/v2\/media\/1421"}],"wp:attachment":[{"href":"https:\/\/sonariastore.shop\/en\/wp-json\/wp\/v2\/media?parent=1398"}],"wp:term":[{"taxonomy":"product_brand","embeddable":true,"href":"https:\/\/sonariastore.shop\/en\/wp-json\/wp\/v2\/product_brand?post=1398"},{"taxonomy":"product_cat","embeddable":true,"href":"https:\/\/sonariastore.shop\/en\/wp-json\/wp\/v2\/product_cat?post=1398"},{"taxonomy":"product_tag","embeddable":true,"href":"https:\/\/sonariastore.shop\/en\/wp-json\/wp\/v2\/product_tag?post=1398"}],"curies":[{"name":"wp","href":"https:\/\/api.w.org\/{rel}","templated":true}]}}