{"id":1392,"date":"2025-12-16T20:07:17","date_gmt":"2025-12-16T20:07:17","guid":{"rendered":"https:\/\/sonariastore.shop\/?post_type=product&#038;p=1392"},"modified":"2025-12-16T20:07:22","modified_gmt":"2025-12-16T20:07:22","slug":"sabores-que-cuentan-historias","status":"publish","type":"product","link":"https:\/\/sonariastore.shop\/en\/podcast\/sabores-que-cuentan-historias\/","title":{"rendered":"Sabores que cuentan historias"},"content":{"rendered":"","protected":false},"excerpt":{"rendered":"<p>Un viaje culinario por distintos continentes donde cada platillo representa una memoria colectiva: desde la pasta artesanal italiana hasta los curries del sudeste asi\u00e1tico y los guisos africanos, descubriendo c\u00f3mo los sabores revelan historia, migraci\u00f3n e identidad cultural.<\/p>\n","protected":false},"featured_media":1421,"comment_status":"open","ping_status":"closed","template":"","meta":[],"product_brand":[],"product_cat":[54],"product_tag":[],"class_list":{"0":"post-1392","1":"product","2":"type-product","3":"status-publish","4":"has-post-thumbnail","6":"product_cat-cultura","8":"first","9":"instock","10":"downloadable","11":"virtual","12":"sold-individually","13":"purchasable","14":"product-type-simple"},"_links":{"self":[{"href":"https:\/\/sonariastore.shop\/en\/wp-json\/wp\/v2\/product\/1392","targetHints":{"allow":["GET"]}}],"collection":[{"href":"https:\/\/sonariastore.shop\/en\/wp-json\/wp\/v2\/product"}],"about":[{"href":"https:\/\/sonariastore.shop\/en\/wp-json\/wp\/v2\/types\/product"}],"replies":[{"embeddable":true,"href":"https:\/\/sonariastore.shop\/en\/wp-json\/wp\/v2\/comments?post=1392"}],"version-history":[{"count":1,"href":"https:\/\/sonariastore.shop\/en\/wp-json\/wp\/v2\/product\/1392\/revisions"}],"predecessor-version":[{"id":1423,"href":"https:\/\/sonariastore.shop\/en\/wp-json\/wp\/v2\/product\/1392\/revisions\/1423"}],"wp:featuredmedia":[{"embeddable":true,"href":"https:\/\/sonariastore.shop\/en\/wp-json\/wp\/v2\/media\/1421"}],"wp:attachment":[{"href":"https:\/\/sonariastore.shop\/en\/wp-json\/wp\/v2\/media?parent=1392"}],"wp:term":[{"taxonomy":"product_brand","embeddable":true,"href":"https:\/\/sonariastore.shop\/en\/wp-json\/wp\/v2\/product_brand?post=1392"},{"taxonomy":"product_cat","embeddable":true,"href":"https:\/\/sonariastore.shop\/en\/wp-json\/wp\/v2\/product_cat?post=1392"},{"taxonomy":"product_tag","embeddable":true,"href":"https:\/\/sonariastore.shop\/en\/wp-json\/wp\/v2\/product_tag?post=1392"}],"curies":[{"name":"wp","href":"https:\/\/api.w.org\/{rel}","templated":true}]}}