{"id":1368,"date":"2025-12-16T20:07:07","date_gmt":"2025-12-16T20:07:07","guid":{"rendered":"https:\/\/sonariastore.shop\/?post_type=product&#038;p=1368"},"modified":"2025-12-16T20:07:15","modified_gmt":"2025-12-16T20:07:15","slug":"el-dia-que-enfrente-mis-miedos","status":"publish","type":"product","link":"https:\/\/sonariastore.shop\/en\/podcast\/el-dia-que-enfrente-mis-miedos\/","title":{"rendered":"El d\u00eda que enfrent\u00e9 mis miedos"},"content":{"rendered":"","protected":false},"excerpt":{"rendered":"<p>Historias sobre valent\u00eda narradas por personas en pa\u00edses tan diversos como Brasil, Espa\u00f1a y Jap\u00f3n. Relatos de miedo, superaci\u00f3n y descubrimiento interior frente a situaciones que requer\u00edan una decisi\u00f3n crucial.<\/p>\n","protected":false},"featured_media":1370,"comment_status":"open","ping_status":"closed","template":"","meta":[],"product_brand":[],"product_cat":[53],"product_tag":[],"class_list":{"0":"post-1368","1":"product","2":"type-product","3":"status-publish","4":"has-post-thumbnail","6":"product_cat-historias-reales","8":"first","9":"instock","10":"downloadable","11":"virtual","12":"sold-individually","13":"purchasable","14":"product-type-simple"},"_links":{"self":[{"href":"https:\/\/sonariastore.shop\/en\/wp-json\/wp\/v2\/product\/1368","targetHints":{"allow":["GET"]}}],"collection":[{"href":"https:\/\/sonariastore.shop\/en\/wp-json\/wp\/v2\/product"}],"about":[{"href":"https:\/\/sonariastore.shop\/en\/wp-json\/wp\/v2\/types\/product"}],"replies":[{"embeddable":true,"href":"https:\/\/sonariastore.shop\/en\/wp-json\/wp\/v2\/comments?post=1368"}],"version-history":[{"count":1,"href":"https:\/\/sonariastore.shop\/en\/wp-json\/wp\/v2\/product\/1368\/revisions"}],"predecessor-version":[{"id":1387,"href":"https:\/\/sonariastore.shop\/en\/wp-json\/wp\/v2\/product\/1368\/revisions\/1387"}],"wp:featuredmedia":[{"embeddable":true,"href":"https:\/\/sonariastore.shop\/en\/wp-json\/wp\/v2\/media\/1370"}],"wp:attachment":[{"href":"https:\/\/sonariastore.shop\/en\/wp-json\/wp\/v2\/media?parent=1368"}],"wp:term":[{"taxonomy":"product_brand","embeddable":true,"href":"https:\/\/sonariastore.shop\/en\/wp-json\/wp\/v2\/product_brand?post=1368"},{"taxonomy":"product_cat","embeddable":true,"href":"https:\/\/sonariastore.shop\/en\/wp-json\/wp\/v2\/product_cat?post=1368"},{"taxonomy":"product_tag","embeddable":true,"href":"https:\/\/sonariastore.shop\/en\/wp-json\/wp\/v2\/product_tag?post=1368"}],"curies":[{"name":"wp","href":"https:\/\/api.w.org\/{rel}","templated":true}]}}