{"id":1367,"date":"2025-12-16T20:07:07","date_gmt":"2025-12-16T20:07:07","guid":{"rendered":"https:\/\/sonariastore.shop\/?post_type=product&#038;p=1367"},"modified":"2025-12-16T20:07:15","modified_gmt":"2025-12-16T20:07:15","slug":"lo-que-me-enseno-el-silencio","status":"publish","type":"product","link":"https:\/\/sonariastore.shop\/en\/podcast\/lo-que-me-enseno-el-silencio\/","title":{"rendered":"Lo que me ense\u00f1\u00f3 el silencio"},"content":{"rendered":"","protected":false},"excerpt":{"rendered":"<p>Un viaje introspectivo que explora c\u00f3mo el silencio, presente en lugares tan distintos como templos en India o parques en Canad\u00e1, puede convertirse en una gu\u00eda para enfrentar crisis personales.<\/p>\n","protected":false},"featured_media":1370,"comment_status":"open","ping_status":"closed","template":"","meta":[],"product_brand":[],"product_cat":[53],"product_tag":[],"class_list":{"0":"post-1367","1":"product","2":"type-product","3":"status-publish","4":"has-post-thumbnail","6":"product_cat-historias-reales","8":"first","9":"instock","10":"downloadable","11":"virtual","12":"sold-individually","13":"purchasable","14":"product-type-simple"},"_links":{"self":[{"href":"https:\/\/sonariastore.shop\/en\/wp-json\/wp\/v2\/product\/1367","targetHints":{"allow":["GET"]}}],"collection":[{"href":"https:\/\/sonariastore.shop\/en\/wp-json\/wp\/v2\/product"}],"about":[{"href":"https:\/\/sonariastore.shop\/en\/wp-json\/wp\/v2\/types\/product"}],"replies":[{"embeddable":true,"href":"https:\/\/sonariastore.shop\/en\/wp-json\/wp\/v2\/comments?post=1367"}],"version-history":[{"count":1,"href":"https:\/\/sonariastore.shop\/en\/wp-json\/wp\/v2\/product\/1367\/revisions"}],"predecessor-version":[{"id":1386,"href":"https:\/\/sonariastore.shop\/en\/wp-json\/wp\/v2\/product\/1367\/revisions\/1386"}],"wp:featuredmedia":[{"embeddable":true,"href":"https:\/\/sonariastore.shop\/en\/wp-json\/wp\/v2\/media\/1370"}],"wp:attachment":[{"href":"https:\/\/sonariastore.shop\/en\/wp-json\/wp\/v2\/media?parent=1367"}],"wp:term":[{"taxonomy":"product_brand","embeddable":true,"href":"https:\/\/sonariastore.shop\/en\/wp-json\/wp\/v2\/product_brand?post=1367"},{"taxonomy":"product_cat","embeddable":true,"href":"https:\/\/sonariastore.shop\/en\/wp-json\/wp\/v2\/product_cat?post=1367"},{"taxonomy":"product_tag","embeddable":true,"href":"https:\/\/sonariastore.shop\/en\/wp-json\/wp\/v2\/product_tag?post=1367"}],"curies":[{"name":"wp","href":"https:\/\/api.w.org\/{rel}","templated":true}]}}