{"id":1366,"date":"2025-12-16T20:07:07","date_gmt":"2025-12-16T20:07:07","guid":{"rendered":"https:\/\/sonariastore.shop\/?post_type=product&#038;p=1366"},"modified":"2025-12-16T20:07:15","modified_gmt":"2025-12-16T20:07:15","slug":"historias-desde-la-cafeteria","status":"publish","type":"product","link":"https:\/\/sonariastore.shop\/en\/podcast\/historias-desde-la-cafeteria\/","title":{"rendered":"Historias desde la cafeter\u00eda"},"content":{"rendered":"","protected":false},"excerpt":{"rendered":"<p>Escenas y relatos nacidos en cafeter\u00edas de Tokio, Roma, Ciudad de M\u00e9xico y Buenos Aires. Conversaciones ajenas, personajes peculiares y momentos que esconden grandes historias humanas.<\/p>\n","protected":false},"featured_media":1370,"comment_status":"open","ping_status":"closed","template":"","meta":[],"product_brand":[],"product_cat":[53],"product_tag":[],"class_list":{"0":"post-1366","1":"product","2":"type-product","3":"status-publish","4":"has-post-thumbnail","6":"product_cat-historias-reales","8":"first","9":"instock","10":"downloadable","11":"virtual","12":"sold-individually","13":"purchasable","14":"product-type-simple"},"_links":{"self":[{"href":"https:\/\/sonariastore.shop\/en\/wp-json\/wp\/v2\/product\/1366","targetHints":{"allow":["GET"]}}],"collection":[{"href":"https:\/\/sonariastore.shop\/en\/wp-json\/wp\/v2\/product"}],"about":[{"href":"https:\/\/sonariastore.shop\/en\/wp-json\/wp\/v2\/types\/product"}],"replies":[{"embeddable":true,"href":"https:\/\/sonariastore.shop\/en\/wp-json\/wp\/v2\/comments?post=1366"}],"version-history":[{"count":1,"href":"https:\/\/sonariastore.shop\/en\/wp-json\/wp\/v2\/product\/1366\/revisions"}],"predecessor-version":[{"id":1385,"href":"https:\/\/sonariastore.shop\/en\/wp-json\/wp\/v2\/product\/1366\/revisions\/1385"}],"wp:featuredmedia":[{"embeddable":true,"href":"https:\/\/sonariastore.shop\/en\/wp-json\/wp\/v2\/media\/1370"}],"wp:attachment":[{"href":"https:\/\/sonariastore.shop\/en\/wp-json\/wp\/v2\/media?parent=1366"}],"wp:term":[{"taxonomy":"product_brand","embeddable":true,"href":"https:\/\/sonariastore.shop\/en\/wp-json\/wp\/v2\/product_brand?post=1366"},{"taxonomy":"product_cat","embeddable":true,"href":"https:\/\/sonariastore.shop\/en\/wp-json\/wp\/v2\/product_cat?post=1366"},{"taxonomy":"product_tag","embeddable":true,"href":"https:\/\/sonariastore.shop\/en\/wp-json\/wp\/v2\/product_tag?post=1366"}],"curies":[{"name":"wp","href":"https:\/\/api.w.org\/{rel}","templated":true}]}}