{"id":1362,"date":"2025-12-16T20:07:07","date_gmt":"2025-12-16T20:07:07","guid":{"rendered":"https:\/\/sonariastore.shop\/?post_type=product&#038;p=1362"},"modified":"2025-12-16T20:07:13","modified_gmt":"2025-12-16T20:07:13","slug":"cronicas-de-un-domingo-cualquiera","status":"publish","type":"product","link":"https:\/\/sonariastore.shop\/en\/podcast\/cronicas-de-un-domingo-cualquiera\/","title":{"rendered":"Cr\u00f3nicas de un domingo cualquiera"},"content":{"rendered":"","protected":false},"excerpt":{"rendered":"<p>Un recorrido por domingos vividos en diferentes culturas: desde desayunos familiares en Lima hasta paseos tranquilos en Par\u00eds. Historias que muestran c\u00f3mo un d\u00eda aparentemente com\u00fan puede volverse extraordinario.<\/p>\n","protected":false},"featured_media":1370,"comment_status":"open","ping_status":"closed","template":"","meta":[],"product_brand":[],"product_cat":[53],"product_tag":[],"class_list":{"0":"post-1362","1":"product","2":"type-product","3":"status-publish","4":"has-post-thumbnail","6":"product_cat-historias-reales","8":"first","9":"instock","10":"downloadable","11":"virtual","12":"sold-individually","13":"purchasable","14":"product-type-simple"},"_links":{"self":[{"href":"https:\/\/sonariastore.shop\/en\/wp-json\/wp\/v2\/product\/1362","targetHints":{"allow":["GET"]}}],"collection":[{"href":"https:\/\/sonariastore.shop\/en\/wp-json\/wp\/v2\/product"}],"about":[{"href":"https:\/\/sonariastore.shop\/en\/wp-json\/wp\/v2\/types\/product"}],"replies":[{"embeddable":true,"href":"https:\/\/sonariastore.shop\/en\/wp-json\/wp\/v2\/comments?post=1362"}],"version-history":[{"count":1,"href":"https:\/\/sonariastore.shop\/en\/wp-json\/wp\/v2\/product\/1362\/revisions"}],"predecessor-version":[{"id":1381,"href":"https:\/\/sonariastore.shop\/en\/wp-json\/wp\/v2\/product\/1362\/revisions\/1381"}],"wp:featuredmedia":[{"embeddable":true,"href":"https:\/\/sonariastore.shop\/en\/wp-json\/wp\/v2\/media\/1370"}],"wp:attachment":[{"href":"https:\/\/sonariastore.shop\/en\/wp-json\/wp\/v2\/media?parent=1362"}],"wp:term":[{"taxonomy":"product_brand","embeddable":true,"href":"https:\/\/sonariastore.shop\/en\/wp-json\/wp\/v2\/product_brand?post=1362"},{"taxonomy":"product_cat","embeddable":true,"href":"https:\/\/sonariastore.shop\/en\/wp-json\/wp\/v2\/product_cat?post=1362"},{"taxonomy":"product_tag","embeddable":true,"href":"https:\/\/sonariastore.shop\/en\/wp-json\/wp\/v2\/product_tag?post=1362"}],"curies":[{"name":"wp","href":"https:\/\/api.w.org\/{rel}","templated":true}]}}