{"id":1359,"date":"2025-12-16T20:07:07","date_gmt":"2025-12-16T20:07:07","guid":{"rendered":"https:\/\/sonariastore.shop\/?post_type=product&#038;p=1359"},"modified":"2025-12-16T20:07:12","modified_gmt":"2025-12-16T20:07:12","slug":"cuando-la-ciudad-no-duerme","status":"publish","type":"product","link":"https:\/\/sonariastore.shop\/en\/podcast\/cuando-la-ciudad-no-duerme\/","title":{"rendered":"Cuando la ciudad no duerme"},"content":{"rendered":"","protected":false},"excerpt":{"rendered":"<p>Historias que ocurren cuando las ciudades del mundo entran en su versi\u00f3n nocturna. Desde caminatas en Berl\u00edn hasta mercados nocturnos en Bangkok, este episodio retrata c\u00f3mo la noche revela aspectos ocultos de la vida urbana.<\/p>\n","protected":false},"featured_media":1370,"comment_status":"open","ping_status":"closed","template":"","meta":[],"product_brand":[],"product_cat":[53],"product_tag":[],"class_list":{"0":"post-1359","1":"product","2":"type-product","3":"status-publish","4":"has-post-thumbnail","6":"product_cat-historias-reales","8":"first","9":"instock","10":"downloadable","11":"virtual","12":"sold-individually","13":"purchasable","14":"product-type-simple"},"_links":{"self":[{"href":"https:\/\/sonariastore.shop\/en\/wp-json\/wp\/v2\/product\/1359","targetHints":{"allow":["GET"]}}],"collection":[{"href":"https:\/\/sonariastore.shop\/en\/wp-json\/wp\/v2\/product"}],"about":[{"href":"https:\/\/sonariastore.shop\/en\/wp-json\/wp\/v2\/types\/product"}],"replies":[{"embeddable":true,"href":"https:\/\/sonariastore.shop\/en\/wp-json\/wp\/v2\/comments?post=1359"}],"version-history":[{"count":1,"href":"https:\/\/sonariastore.shop\/en\/wp-json\/wp\/v2\/product\/1359\/revisions"}],"predecessor-version":[{"id":1378,"href":"https:\/\/sonariastore.shop\/en\/wp-json\/wp\/v2\/product\/1359\/revisions\/1378"}],"wp:featuredmedia":[{"embeddable":true,"href":"https:\/\/sonariastore.shop\/en\/wp-json\/wp\/v2\/media\/1370"}],"wp:attachment":[{"href":"https:\/\/sonariastore.shop\/en\/wp-json\/wp\/v2\/media?parent=1359"}],"wp:term":[{"taxonomy":"product_brand","embeddable":true,"href":"https:\/\/sonariastore.shop\/en\/wp-json\/wp\/v2\/product_brand?post=1359"},{"taxonomy":"product_cat","embeddable":true,"href":"https:\/\/sonariastore.shop\/en\/wp-json\/wp\/v2\/product_cat?post=1359"},{"taxonomy":"product_tag","embeddable":true,"href":"https:\/\/sonariastore.shop\/en\/wp-json\/wp\/v2\/product_tag?post=1359"}],"curies":[{"name":"wp","href":"https:\/\/api.w.org\/{rel}","templated":true}]}}