{"id":1357,"date":"2025-12-16T20:07:06","date_gmt":"2025-12-16T20:07:06","guid":{"rendered":"https:\/\/sonariastore.shop\/?post_type=product&#038;p=1357"},"modified":"2025-12-16T20:07:12","modified_gmt":"2025-12-16T20:07:12","slug":"voces-de-la-frontera","status":"publish","type":"product","link":"https:\/\/sonariastore.shop\/en\/podcast\/voces-de-la-frontera\/","title":{"rendered":"Voces de la frontera"},"content":{"rendered":"","protected":false},"excerpt":{"rendered":"<p>Relatos sobre identidad y migraci\u00f3n desde las fronteras m\u00e1s representativas del mundo: M\u00e9xico\u2013EE.UU., Espa\u00f1a\u2013Francia, Argentina\u2013Chile. Voces que hablan de sue\u00f1os, dificultades, ra\u00edces y el constante deseo de construir un hogar sin importar el pa\u00eds.<\/p>\n","protected":false},"featured_media":1370,"comment_status":"open","ping_status":"closed","template":"","meta":[],"product_brand":[],"product_cat":[53],"product_tag":[],"class_list":{"0":"post-1357","1":"product","2":"type-product","3":"status-publish","4":"has-post-thumbnail","6":"product_cat-historias-reales","8":"first","9":"instock","10":"downloadable","11":"virtual","12":"sold-individually","13":"purchasable","14":"product-type-simple"},"_links":{"self":[{"href":"https:\/\/sonariastore.shop\/en\/wp-json\/wp\/v2\/product\/1357","targetHints":{"allow":["GET"]}}],"collection":[{"href":"https:\/\/sonariastore.shop\/en\/wp-json\/wp\/v2\/product"}],"about":[{"href":"https:\/\/sonariastore.shop\/en\/wp-json\/wp\/v2\/types\/product"}],"replies":[{"embeddable":true,"href":"https:\/\/sonariastore.shop\/en\/wp-json\/wp\/v2\/comments?post=1357"}],"version-history":[{"count":1,"href":"https:\/\/sonariastore.shop\/en\/wp-json\/wp\/v2\/product\/1357\/revisions"}],"predecessor-version":[{"id":1376,"href":"https:\/\/sonariastore.shop\/en\/wp-json\/wp\/v2\/product\/1357\/revisions\/1376"}],"wp:featuredmedia":[{"embeddable":true,"href":"https:\/\/sonariastore.shop\/en\/wp-json\/wp\/v2\/media\/1370"}],"wp:attachment":[{"href":"https:\/\/sonariastore.shop\/en\/wp-json\/wp\/v2\/media?parent=1357"}],"wp:term":[{"taxonomy":"product_brand","embeddable":true,"href":"https:\/\/sonariastore.shop\/en\/wp-json\/wp\/v2\/product_brand?post=1357"},{"taxonomy":"product_cat","embeddable":true,"href":"https:\/\/sonariastore.shop\/en\/wp-json\/wp\/v2\/product_cat?post=1357"},{"taxonomy":"product_tag","embeddable":true,"href":"https:\/\/sonariastore.shop\/en\/wp-json\/wp\/v2\/product_tag?post=1357"}],"curies":[{"name":"wp","href":"https:\/\/api.w.org\/{rel}","templated":true}]}}