{"id":1353,"date":"2025-12-16T20:07:06","date_gmt":"2025-12-16T20:07:06","guid":{"rendered":"https:\/\/sonariastore.shop\/?post_type=product&#038;p=1353"},"modified":"2025-12-16T20:07:10","modified_gmt":"2025-12-16T20:07:10","slug":"el-dia-que-todo-cambio-en-la-oficina","status":"publish","type":"product","link":"https:\/\/sonariastore.shop\/en\/podcast\/el-dia-que-todo-cambio-en-la-oficina\/","title":{"rendered":"El d\u00eda que todo cambi\u00f3 en la oficina"},"content":{"rendered":"","protected":false},"excerpt":{"rendered":"<p>Un suceso inesperado en la oficina puede transformar por completo la vida profesional y personal. Este episodio recorre testimonios de empleados de diferentes pa\u00edses, desde Chile hasta Alemania, revelando c\u00f3mo peque\u00f1os eventos pueden redefinir carreras enteras y abrir puertas hacia nuevos caminos.<\/p>\n","protected":false},"featured_media":1370,"comment_status":"open","ping_status":"closed","template":"","meta":[],"product_brand":[],"product_cat":[53],"product_tag":[],"class_list":{"0":"post-1353","1":"product","2":"type-product","3":"status-publish","4":"has-post-thumbnail","6":"product_cat-historias-reales","8":"first","9":"instock","10":"downloadable","11":"virtual","12":"sold-individually","13":"purchasable","14":"product-type-simple"},"_links":{"self":[{"href":"https:\/\/sonariastore.shop\/en\/wp-json\/wp\/v2\/product\/1353","targetHints":{"allow":["GET"]}}],"collection":[{"href":"https:\/\/sonariastore.shop\/en\/wp-json\/wp\/v2\/product"}],"about":[{"href":"https:\/\/sonariastore.shop\/en\/wp-json\/wp\/v2\/types\/product"}],"replies":[{"embeddable":true,"href":"https:\/\/sonariastore.shop\/en\/wp-json\/wp\/v2\/comments?post=1353"}],"version-history":[{"count":1,"href":"https:\/\/sonariastore.shop\/en\/wp-json\/wp\/v2\/product\/1353\/revisions"}],"predecessor-version":[{"id":1372,"href":"https:\/\/sonariastore.shop\/en\/wp-json\/wp\/v2\/product\/1353\/revisions\/1372"}],"wp:featuredmedia":[{"embeddable":true,"href":"https:\/\/sonariastore.shop\/en\/wp-json\/wp\/v2\/media\/1370"}],"wp:attachment":[{"href":"https:\/\/sonariastore.shop\/en\/wp-json\/wp\/v2\/media?parent=1353"}],"wp:term":[{"taxonomy":"product_brand","embeddable":true,"href":"https:\/\/sonariastore.shop\/en\/wp-json\/wp\/v2\/product_brand?post=1353"},{"taxonomy":"product_cat","embeddable":true,"href":"https:\/\/sonariastore.shop\/en\/wp-json\/wp\/v2\/product_cat?post=1353"},{"taxonomy":"product_tag","embeddable":true,"href":"https:\/\/sonariastore.shop\/en\/wp-json\/wp\/v2\/product_tag?post=1353"}],"curies":[{"name":"wp","href":"https:\/\/api.w.org\/{rel}","templated":true}]}}