{"id":1352,"date":"2025-12-16T20:07:06","date_gmt":"2025-12-16T20:07:06","guid":{"rendered":"https:\/\/sonariastore.shop\/?post_type=product&#038;p=1352"},"modified":"2025-12-16T20:07:10","modified_gmt":"2025-12-16T20:07:10","slug":"historias-que-dejo-el-transporte-publico","status":"publish","type":"product","link":"https:\/\/sonariastore.shop\/en\/podcast\/historias-que-dejo-el-transporte-publico\/","title":{"rendered":"Historias que dej\u00f3 el transporte p\u00fablico"},"content":{"rendered":"","protected":false},"excerpt":{"rendered":"<p>Un viaje por los autobuses, metros y tranv\u00edas de distintas ciudades del mundo: desde Buenos Aires hasta Madrid, pasando por Tokio y S\u00e3o Paulo. Historias reales de pasajeros que muestran c\u00f3mo, en medio del caos del transporte p\u00fablico, emergen momentos de humanidad, solidaridad y encuentros que cambian nuestra percepci\u00f3n de la vida urbana.<\/p>\n","protected":false},"featured_media":1370,"comment_status":"open","ping_status":"closed","template":"","meta":[],"product_brand":[],"product_cat":[53],"product_tag":[],"class_list":{"0":"post-1352","1":"product","2":"type-product","3":"status-publish","4":"has-post-thumbnail","6":"product_cat-historias-reales","8":"first","9":"instock","10":"downloadable","11":"virtual","12":"sold-individually","13":"purchasable","14":"product-type-simple"},"_links":{"self":[{"href":"https:\/\/sonariastore.shop\/en\/wp-json\/wp\/v2\/product\/1352","targetHints":{"allow":["GET"]}}],"collection":[{"href":"https:\/\/sonariastore.shop\/en\/wp-json\/wp\/v2\/product"}],"about":[{"href":"https:\/\/sonariastore.shop\/en\/wp-json\/wp\/v2\/types\/product"}],"replies":[{"embeddable":true,"href":"https:\/\/sonariastore.shop\/en\/wp-json\/wp\/v2\/comments?post=1352"}],"version-history":[{"count":1,"href":"https:\/\/sonariastore.shop\/en\/wp-json\/wp\/v2\/product\/1352\/revisions"}],"predecessor-version":[{"id":1371,"href":"https:\/\/sonariastore.shop\/en\/wp-json\/wp\/v2\/product\/1352\/revisions\/1371"}],"wp:featuredmedia":[{"embeddable":true,"href":"https:\/\/sonariastore.shop\/en\/wp-json\/wp\/v2\/media\/1370"}],"wp:attachment":[{"href":"https:\/\/sonariastore.shop\/en\/wp-json\/wp\/v2\/media?parent=1352"}],"wp:term":[{"taxonomy":"product_brand","embeddable":true,"href":"https:\/\/sonariastore.shop\/en\/wp-json\/wp\/v2\/product_brand?post=1352"},{"taxonomy":"product_cat","embeddable":true,"href":"https:\/\/sonariastore.shop\/en\/wp-json\/wp\/v2\/product_cat?post=1352"},{"taxonomy":"product_tag","embeddable":true,"href":"https:\/\/sonariastore.shop\/en\/wp-json\/wp\/v2\/product_tag?post=1352"}],"curies":[{"name":"wp","href":"https:\/\/api.w.org\/{rel}","templated":true}]}}